{"id":202,"date":"2017-12-14T17:19:43","date_gmt":"2017-12-14T17:19:43","guid":{"rendered":"https:\/\/mesonainsa.com\/web\/llegar-al-hotel-meson-ainsa\/"},"modified":"2025-05-06T11:49:43","modified_gmt":"2025-05-06T09:49:43","slug":"location-of-hotel-meson-de-ainsa","status":"publish","type":"page","link":"https:\/\/mesonainsa.com\/en\/location-of-hotel-meson-de-ainsa\/","title":{"rendered":"Location"},"content":{"rendered":"<p>[et_pb_section fb_built=&#8221;1&#8243; fullwidth=&#8221;on&#8221; _builder_version=&#8221;4.16&#8243; global_colors_info=&#8221;{}&#8221;][et_pb_fullwidth_slider _builder_version=&#8221;4.16&#8243; box_shadow_style=&#8221;preset6&#8243; show_inner_shadow=&#8221;on&#8221; global_colors_info=&#8221;{}&#8221; button_text_size__hover_enabled=&#8221;off&#8221; button_one_text_size__hover_enabled=&#8221;off&#8221; button_two_text_size__hover_enabled=&#8221;off&#8221; button_text_color__hover_enabled=&#8221;off&#8221; button_one_text_color__hover_enabled=&#8221;off&#8221; button_two_text_color__hover_enabled=&#8221;off&#8221; button_border_width__hover_enabled=&#8221;off&#8221; button_one_border_width__hover_enabled=&#8221;off&#8221; button_two_border_width__hover_enabled=&#8221;off&#8221; button_border_color__hover_enabled=&#8221;off&#8221; button_one_border_color__hover_enabled=&#8221;off&#8221; button_two_border_color__hover_enabled=&#8221;off&#8221; button_border_radius__hover_enabled=&#8221;off&#8221; button_one_border_radius__hover_enabled=&#8221;off&#8221; button_two_border_radius__hover_enabled=&#8221;off&#8221; button_letter_spacing__hover_enabled=&#8221;off&#8221; button_one_letter_spacing__hover_enabled=&#8221;off&#8221; button_two_letter_spacing__hover_enabled=&#8221;off&#8221; button_bg_color__hover_enabled=&#8221;off&#8221; button_one_bg_color__hover_enabled=&#8221;off&#8221; button_two_bg_color__hover_enabled=&#8221;off&#8221;][et_pb_slide heading=&#8221;Hotel Mes\u00f3n de L&#8217;Ainsa&#8221; use_bg_overlay=&#8221;off&#8221; use_text_overlay=&#8221;off&#8221; _builder_version=&#8221;4.16&#8243; background_color=&#8221;#ffffff&#8221; background_image=&#8221;https:\/\/mesonainsa.com\/wp-content\/uploads\/2018\/01\/1.jpg&#8221; button_on_hover=&#8221;on&#8221; global_colors_info=&#8221;{}&#8221; sticky_transition=&#8221;on&#8221; button_text_size__hover_enabled=&#8221;off&#8221; button_one_text_size__hover_enabled=&#8221;off&#8221; button_two_text_size__hover_enabled=&#8221;off&#8221; button_text_color__hover_enabled=&#8221;off&#8221; button_one_text_color__hover_enabled=&#8221;off&#8221; button_two_text_color__hover_enabled=&#8221;off&#8221; button_border_width__hover_enabled=&#8221;off&#8221; button_one_border_width__hover_enabled=&#8221;off&#8221; button_two_border_width__hover_enabled=&#8221;off&#8221; button_border_color__hover_enabled=&#8221;off&#8221; button_one_border_color__hover_enabled=&#8221;off&#8221; button_two_border_color__hover_enabled=&#8221;off&#8221; button_border_radius__hover_enabled=&#8221;off&#8221; button_one_border_radius__hover_enabled=&#8221;off&#8221; button_two_border_radius__hover_enabled=&#8221;off&#8221; button_letter_spacing__hover_enabled=&#8221;off&#8221; button_one_letter_spacing__hover_enabled=&#8221;off&#8221; button_two_letter_spacing__hover_enabled=&#8221;off&#8221; button_bg_color__hover_enabled=&#8221;off&#8221; button_one_bg_color__hover_enabled=&#8221;off&#8221; button_two_bg_color__hover_enabled=&#8221;off&#8221;][\/et_pb_slide][et_pb_slide heading=&#8221;Hotel Mes\u00f3n de L&#8217;Ainsa&#8221; use_bg_overlay=&#8221;off&#8221; use_text_overlay=&#8221;off&#8221; _builder_version=&#8221;4.16&#8243; background_color=&#8221;#ffffff&#8221; background_image=&#8221;https:\/\/mesonainsa.com\/wp-content\/uploads\/2018\/01\/hotel_meson_de_ainsa_y_entorno_vision_panoramica.jpg&#8221; button_on_hover=&#8221;on&#8221; global_colors_info=&#8221;{}&#8221; sticky_transition=&#8221;on&#8221; button_text_size__hover_enabled=&#8221;off&#8221; button_one_text_size__hover_enabled=&#8221;off&#8221; button_two_text_size__hover_enabled=&#8221;off&#8221; button_text_color__hover_enabled=&#8221;off&#8221; button_one_text_color__hover_enabled=&#8221;off&#8221; button_two_text_color__hover_enabled=&#8221;off&#8221; button_border_width__hover_enabled=&#8221;off&#8221; button_one_border_width__hover_enabled=&#8221;off&#8221; button_two_border_width__hover_enabled=&#8221;off&#8221; button_border_color__hover_enabled=&#8221;off&#8221; button_one_border_color__hover_enabled=&#8221;off&#8221; button_two_border_color__hover_enabled=&#8221;off&#8221; button_border_radius__hover_enabled=&#8221;off&#8221; button_one_border_radius__hover_enabled=&#8221;off&#8221; button_two_border_radius__hover_enabled=&#8221;off&#8221; button_letter_spacing__hover_enabled=&#8221;off&#8221; button_one_letter_spacing__hover_enabled=&#8221;off&#8221; button_two_letter_spacing__hover_enabled=&#8221;off&#8221; button_bg_color__hover_enabled=&#8221;off&#8221; button_one_bg_color__hover_enabled=&#8221;off&#8221; button_two_bg_color__hover_enabled=&#8221;off&#8221;][\/et_pb_slide][\/et_pb_fullwidth_slider][\/et_pb_section][et_pb_section fb_built=&#8221;1&#8243; _builder_version=&#8221;4.16&#8243; global_colors_info=&#8221;{}&#8221; custom_padding=&#8221;||2px|||&#8221;][et_pb_row _builder_version=&#8221;4.16&#8243; background_size=&#8221;initial&#8221; background_position=&#8221;top_left&#8221; background_repeat=&#8221;repeat&#8221; global_colors_info=&#8221;{}&#8221;][et_pb_column type=&#8221;4_4&#8243; _builder_version=&#8221;4.16&#8243; custom_padding=&#8221;|||&#8221; global_colors_info=&#8221;{}&#8221; custom_padding__hover=&#8221;|||&#8221;][et_pb_text _builder_version=&#8221;4.27.4&#8243; text_font_size=&#8221;18px&#8221; vertical_offset_tablet=&#8221;0&#8243; horizontal_offset_tablet=&#8221;0&#8243; hover_enabled=&#8221;0&#8243; z_index_tablet=&#8221;0&#8243; text_text_shadow_horizontal_length_tablet=&#8221;0px&#8221; text_text_shadow_vertical_length_tablet=&#8221;0px&#8221; text_text_shadow_blur_strength_tablet=&#8221;1px&#8221; link_text_shadow_horizontal_length_tablet=&#8221;0px&#8221; link_text_shadow_vertical_length_tablet=&#8221;0px&#8221; link_text_shadow_blur_strength_tablet=&#8221;1px&#8221; ul_text_shadow_horizontal_length_tablet=&#8221;0px&#8221; ul_text_shadow_vertical_length_tablet=&#8221;0px&#8221; ul_text_shadow_blur_strength_tablet=&#8221;1px&#8221; ol_text_shadow_horizontal_length_tablet=&#8221;0px&#8221; ol_text_shadow_vertical_length_tablet=&#8221;0px&#8221; ol_text_shadow_blur_strength_tablet=&#8221;1px&#8221; quote_text_shadow_horizontal_length_tablet=&#8221;0px&#8221; quote_text_shadow_vertical_length_tablet=&#8221;0px&#8221; quote_text_shadow_blur_strength_tablet=&#8221;1px&#8221; header_text_shadow_horizontal_length_tablet=&#8221;0px&#8221; header_text_shadow_vertical_length_tablet=&#8221;0px&#8221; header_text_shadow_blur_strength_tablet=&#8221;1px&#8221; header_2_text_shadow_horizontal_length_tablet=&#8221;0px&#8221; header_2_text_shadow_vertical_length_tablet=&#8221;0px&#8221; header_2_text_shadow_blur_strength_tablet=&#8221;1px&#8221; header_3_text_shadow_horizontal_length_tablet=&#8221;0px&#8221; header_3_text_shadow_vertical_length_tablet=&#8221;0px&#8221; header_3_text_shadow_blur_strength_tablet=&#8221;1px&#8221; header_4_text_shadow_horizontal_length_tablet=&#8221;0px&#8221; header_4_text_shadow_vertical_length_tablet=&#8221;0px&#8221; header_4_text_shadow_blur_strength_tablet=&#8221;1px&#8221; header_5_text_shadow_horizontal_length_tablet=&#8221;0px&#8221; header_5_text_shadow_vertical_length_tablet=&#8221;0px&#8221; header_5_text_shadow_blur_strength_tablet=&#8221;1px&#8221; header_6_text_shadow_horizontal_length_tablet=&#8221;0px&#8221; header_6_text_shadow_vertical_length_tablet=&#8221;0px&#8221; header_6_text_shadow_blur_strength_tablet=&#8221;1px&#8221; box_shadow_horizontal_tablet=&#8221;0px&#8221; box_shadow_vertical_tablet=&#8221;0px&#8221; box_shadow_blur_tablet=&#8221;40px&#8221; box_shadow_spread_tablet=&#8221;0px&#8221; global_colors_info=&#8221;{}&#8221; sticky_enabled=&#8221;0&#8243;]<\/p>\n<h1 style=\"text-align: center;\">Location of Hotel Mes\u00f3n de L&#8217;Ainsa<\/h1>\n<p>&nbsp;<\/p>\n<p>Hotel Meson de Ainsa is located in the medieval small town of Ainsa, in the Aragonese Pyrenees, easy access to any point in the surrounding region.<\/p>\n<div id=\"gtx-trans\" style=\"position: absolute; left: 345px; top: 126.2px;\">\n<div class=\"gtx-trans-icon\"><\/div>\n<\/div>\n<p>[\/et_pb_text][\/et_pb_column][\/et_pb_row][\/et_pb_section][et_pb_section fb_built=&#8221;1&#8243; _builder_version=&#8221;4.16&#8243; global_colors_info=&#8221;{}&#8221; custom_padding=&#8221;10px|||||&#8221;][et_pb_row _builder_version=&#8221;4.16&#8243; background_size=&#8221;initial&#8221; background_position=&#8221;top_left&#8221; background_repeat=&#8221;repeat&#8221; global_colors_info=&#8221;{}&#8221;][et_pb_column type=&#8221;4_4&#8243; _builder_version=&#8221;4.16&#8243; custom_padding=&#8221;|||&#8221; global_colors_info=&#8221;{}&#8221; custom_padding__hover=&#8221;|||&#8221;][et_pb_text admin_label=&#8221;mapa google&#8221; _builder_version=&#8221;4.27.4&#8243; vertical_offset_tablet=&#8221;0&#8243; horizontal_offset_tablet=&#8221;0&#8243; z_index_tablet=&#8221;0&#8243; text_text_shadow_horizontal_length_tablet=&#8221;0px&#8221; text_text_shadow_vertical_length_tablet=&#8221;0px&#8221; text_text_shadow_blur_strength_tablet=&#8221;1px&#8221; link_text_shadow_horizontal_length_tablet=&#8221;0px&#8221; link_text_shadow_vertical_length_tablet=&#8221;0px&#8221; link_text_shadow_blur_strength_tablet=&#8221;1px&#8221; ul_text_shadow_horizontal_length_tablet=&#8221;0px&#8221; ul_text_shadow_vertical_length_tablet=&#8221;0px&#8221; ul_text_shadow_blur_strength_tablet=&#8221;1px&#8221; ol_text_shadow_horizontal_length_tablet=&#8221;0px&#8221; ol_text_shadow_vertical_length_tablet=&#8221;0px&#8221; ol_text_shadow_blur_strength_tablet=&#8221;1px&#8221; quote_text_shadow_horizontal_length_tablet=&#8221;0px&#8221; quote_text_shadow_vertical_length_tablet=&#8221;0px&#8221; quote_text_shadow_blur_strength_tablet=&#8221;1px&#8221; header_text_shadow_horizontal_length_tablet=&#8221;0px&#8221; header_text_shadow_vertical_length_tablet=&#8221;0px&#8221; header_text_shadow_blur_strength_tablet=&#8221;1px&#8221; header_2_text_shadow_horizontal_length_tablet=&#8221;0px&#8221; header_2_text_shadow_vertical_length_tablet=&#8221;0px&#8221; header_2_text_shadow_blur_strength_tablet=&#8221;1px&#8221; header_3_text_shadow_horizontal_length_tablet=&#8221;0px&#8221; header_3_text_shadow_vertical_length_tablet=&#8221;0px&#8221; header_3_text_shadow_blur_strength_tablet=&#8221;1px&#8221; header_4_text_shadow_horizontal_length_tablet=&#8221;0px&#8221; header_4_text_shadow_vertical_length_tablet=&#8221;0px&#8221; header_4_text_shadow_blur_strength_tablet=&#8221;1px&#8221; header_5_text_shadow_horizontal_length_tablet=&#8221;0px&#8221; header_5_text_shadow_vertical_length_tablet=&#8221;0px&#8221; header_5_text_shadow_blur_strength_tablet=&#8221;1px&#8221; header_6_text_shadow_horizontal_length_tablet=&#8221;0px&#8221; header_6_text_shadow_vertical_length_tablet=&#8221;0px&#8221; header_6_text_shadow_blur_strength_tablet=&#8221;1px&#8221; box_shadow_horizontal_tablet=&#8221;0px&#8221; box_shadow_vertical_tablet=&#8221;0px&#8221; box_shadow_blur_tablet=&#8221;40px&#8221; box_shadow_spread_tablet=&#8221;0px&#8221; global_colors_info=&#8221;{}&#8221;]<iframe loading=\"lazy\" style=\"border: 0;\" src=\"https:\/\/www.google.com\/maps\/embed?pb=!1m14!1m8!1m3!1d5891.385241853132!2d0.140624!3d42.41299!3m2!1i1024!2i768!4f13.1!3m3!1m2!1s0x12a7fab7f4b1812d%3A0xd9b4a32b48ffdaa7!2zSG90ZWwgTWVzw7NuIGRlIEzCtEHDrW5zYQ!5e0!3m2!1ses!2sus!4v1746517415750!5m2!1ses!2sus\" width=\"100%\" height=\"450\" allowfullscreen=\"allowfullscreen\"><\/iframe><br \/>\n[\/et_pb_text][et_pb_text _builder_version=&#8221;4.27.4&#8243; text_font_size=&#8221;18px&#8221; vertical_offset_tablet=&#8221;0&#8243; horizontal_offset_tablet=&#8221;0&#8243; hover_enabled=&#8221;0&#8243; z_index_tablet=&#8221;0&#8243; text_text_shadow_horizontal_length_tablet=&#8221;0px&#8221; text_text_shadow_vertical_length_tablet=&#8221;0px&#8221; text_text_shadow_blur_strength_tablet=&#8221;1px&#8221; link_text_shadow_horizontal_length_tablet=&#8221;0px&#8221; link_text_shadow_vertical_length_tablet=&#8221;0px&#8221; link_text_shadow_blur_strength_tablet=&#8221;1px&#8221; ul_text_shadow_horizontal_length_tablet=&#8221;0px&#8221; ul_text_shadow_vertical_length_tablet=&#8221;0px&#8221; ul_text_shadow_blur_strength_tablet=&#8221;1px&#8221; ol_text_shadow_horizontal_length_tablet=&#8221;0px&#8221; ol_text_shadow_vertical_length_tablet=&#8221;0px&#8221; ol_text_shadow_blur_strength_tablet=&#8221;1px&#8221; quote_text_shadow_horizontal_length_tablet=&#8221;0px&#8221; quote_text_shadow_vertical_length_tablet=&#8221;0px&#8221; quote_text_shadow_blur_strength_tablet=&#8221;1px&#8221; header_text_shadow_horizontal_length_tablet=&#8221;0px&#8221; header_text_shadow_vertical_length_tablet=&#8221;0px&#8221; header_text_shadow_blur_strength_tablet=&#8221;1px&#8221; header_2_text_shadow_horizontal_length_tablet=&#8221;0px&#8221; header_2_text_shadow_vertical_length_tablet=&#8221;0px&#8221; header_2_text_shadow_blur_strength_tablet=&#8221;1px&#8221; header_3_text_shadow_horizontal_length_tablet=&#8221;0px&#8221; header_3_text_shadow_vertical_length_tablet=&#8221;0px&#8221; header_3_text_shadow_blur_strength_tablet=&#8221;1px&#8221; header_4_text_shadow_horizontal_length_tablet=&#8221;0px&#8221; header_4_text_shadow_vertical_length_tablet=&#8221;0px&#8221; header_4_text_shadow_blur_strength_tablet=&#8221;1px&#8221; header_5_text_shadow_horizontal_length_tablet=&#8221;0px&#8221; header_5_text_shadow_vertical_length_tablet=&#8221;0px&#8221; header_5_text_shadow_blur_strength_tablet=&#8221;1px&#8221; header_6_text_shadow_horizontal_length_tablet=&#8221;0px&#8221; header_6_text_shadow_vertical_length_tablet=&#8221;0px&#8221; header_6_text_shadow_blur_strength_tablet=&#8221;1px&#8221; box_shadow_horizontal_tablet=&#8221;0px&#8221; box_shadow_vertical_tablet=&#8221;0px&#8221; box_shadow_blur_tablet=&#8221;40px&#8221; box_shadow_spread_tablet=&#8221;0px&#8221; global_colors_info=&#8221;{}&#8221; sticky_enabled=&#8221;0&#8243; custom_margin=&#8221;38px|||||&#8221;]<\/p>\n<h2 style=\"text-align: justify;\">How to get there&#8230;<\/h2>\n<h3 style=\"text-align: justify;\"><strong><\/strong><\/h3>\n<h3 style=\"text-align: justify;\"><strong>From Madrid: 485 km<\/strong><\/h3>\n<ul style=\"text-align: justify;\">\n<li>Take the N-II\/E-90 in direction Zaragoza, from there follow direction Huesca for the N-330\/E-7; from here on you take the N-240 in direction Lerida-Barbastro and when you arrive to Barbastro you take the N-123 in direction Benabarre until P.KM n\u00ba 8, where you turn to your right to the A-138 in the direction of France\/National Park of Ordesa. Continue on the A-138 until you arrive in Ainsa.<\/li>\n<\/ul>\n<h3 style=\"text-align: justify;\"><strong>From Barcelona: 282 Km<\/strong><\/h3>\n<ul style=\"text-align: justify;\">\n<li>Take the toll motorway AP-7 in direction Tarragona, go in the direction of the AP-2\/A-2 (N-II)\/ E-90 towards L\u00e9rida and take the exit 6 in direction Zaragoza until the L\u00e9rida bypass. Once there continue by the N-240 in direction of Huesca until you reach P.KM N\u00ba 156, close to Barbastro where you turn right on to the N-123 direction Benabarre. Continue until P.KM n\u00ba 8, where you turn right on to the A-138 in the direction of France\/National Park of Ordesa. Continue on the A-138 until you arrive in Ainsa.<\/li>\n<\/ul>\n<h3 style=\"text-align: justify;\"><strong>From Valencia: 484 km<\/strong><\/h3>\n<ul style=\"text-align: justify;\">\n<li>Take the V-30 direction Paterna. Go to the right on to the CV-31 direction Valencia. Take the CV-35 direction Valencia\/Adamuz. Take the exit 7 direction Barcelona. Get on the motorway A-7\/E-15 \u201cAutopista del Mediterr\u00e1neo\u201d. Take exit 38 in direction Hospitalet del Infant. Go to the right on to the C-44. Go to the right on to the C-12. Continue by the A-242. Get on the motorway A-2 and continue until exit 458 into direction Lleida. In L\u00e9rida go to the right on to the N-240, near Barbastro, you rake the N-123 direction Benabarre continue until P.KM n\u00ba 8, where you turn right on to the A-138 in the direction of France\/National Park of Ordesa. Continue on the A-138 until you arrive in Ainsa.<\/li>\n<\/ul>\n<h3 style=\"text-align: justify;\"><strong>From Pamplona: 180 km<\/strong><\/h3>\n<ul style=\"text-align: justify;\">\n<li>Get on the A-21\/N-240 direction Jaca\/Huesca. In Jaca you take the A-23 in direction Huesca-Sabi\u00f1anigo. In Sabi\u00f1anigo you take the N-260 in direction Biescas\/Yebra de Basa\/Fiscal. Go keep on following the N-260 in direction of A\u00ednsa.<\/li>\n<\/ul>\n<h3 style=\"text-align: justify;\"><strong>From Toulouse (France): 230 km.<\/strong><\/h3>\n<ul>\n<li>\n<p style=\"text-align: justify;\">Take the N-88 in direction Auch. Continue by the A-62 and go later in the direction Auch\/Tarbes\/Lourdes. Get on the E-80 and close to Lannemezon you take exit 25 direction Foix\/Tarbes\/Lourdes. Take the A-64\/E-80 in direction Saint Gaudens. Get on the E-80 and close to Lanemezan you take exit 16 in direction Lanemezan\/Arreau\/Auch. Continue by the E-80 and follow direction Barthe de Neste\/Arreau\/Auch\/H\u00f4pitaux. Get on the D-939 and close to Barthe de Neste you go to your right on to the D-929 until Fabian. Go to the left on to the D-118 and continue by the D-173 until you get in to Spain. Continue by the A-138 untill you arrive in Ainsa.<\/p>\n<\/li>\n<\/ul>\n<p>[\/et_pb_text][\/et_pb_column][\/et_pb_row][\/et_pb_section]<\/p>\n","protected":false},"excerpt":{"rendered":"<p>Location of Hotel Mes\u00f3n de L&#8217;Ainsa &nbsp; Hotel Meson de Ainsa is located in the medieval small town of Ainsa, in the Aragonese Pyrenees, easy access to any point in the surrounding region. How to get there&#8230; From Madrid: 485 km Take the N-II\/E-90 in direction Zaragoza, from there follow direction Huesca for the N-330\/E-7; [&hellip;]<\/p>\n","protected":false},"author":1,"featured_media":0,"parent":0,"menu_order":0,"comment_status":"closed","ping_status":"closed","template":"","meta":{"_et_pb_use_builder":"on","_et_pb_old_content":"<p>\u00a0<\/p><p>[gmap markers=big blue::42.4119004592833,0.14010250568389893 |zoom=15 |center=42.41376505706911,0.1378011703491211 |width=712px |height=400px |control=Small |type=Map]<\/p><p>El Hotel Mes\u00f3n de Ainsa se encuentra en el centro de la villa medieval de Ainsa, a orillas del Rio Ara, provincia de Huesca, en el Pirineo aragon\u00e9s, un entorno de f\u00e1cil acceso al que usted podr\u00e1 llegar desde cualquier punto de la geograf\u00eda; las distancias y sobre todo los tiempos de viaje se han ido acortando de forma sustancial en los \u00faltimos a\u00f1os pues se han construido nuevas carreteras y autov\u00edas que har\u00e1n m\u00e1s r\u00e1pido y c\u00f3modo su trayecto, valga como ejemplo la recientemente inaugurada carretera Fiscal - Yebra de Basa y algunos tramos de autov\u00eda entre Pamplona y Jaca que han reducido en su conjunto m\u00e1s de una hora el viaje para aquellos que nos visitan desde el Pa\u00eds Vasco, Pamplona, Logro\u00f1o o Asturias.<\/p><p><strong>Como llegar desde:<\/strong><\/p><ul><li><strong>Madrid: 480 km - 4 horas y 30 minutos.<\/strong><ul><li>Tomamos la N-II\/E-90 direcci\u00f3n Zaragoza donde se deber\u00e1 seguir direcci\u00f3n Huesca por Autov\u00eda, tras realizar la circunvalaci\u00f3n de Huesca tomaremos la salida hacia Barbastro - L\u00e9rida y tras un tramo de enlace por nacional cogeremos la nueva autov\u00eda A 22 en direcci\u00f3n Barbastro - L\u00e9rida; unos 45 kil\u00f3metros despu\u00e9s de Huesca veremos perfectamente se\u00f1alizada la salida para Ainsa, tras recorrer 4 kil\u00f3metros encontraremos una rotonda en la circunvalaci\u00f3n de Barbastro donde y nuevamente la indicaci\u00f3n a Ainsa y 8 kil\u00f3metros m\u00e1s tarde nos desviaremos a la derecha para tomar la A-138 direcci\u00f3n Ainsa\/Francia\/Parque Nacional de Ordesa que nos conducir\u00e1 directamente hasta Ainsa, nada m\u00e1s entrar al pueblo ver\u00e1 una rotonda y nuestro hotel.<\/li><\/ul><\/li><\/ul><p>\u00a0<\/p><ul><li><strong>Barcelona: 280 Km - 2 horas y 45 minutos.<\/strong><ul><li>Tomar la autopista AP-7 direcci\u00f3n Tarragona, deber\u00e1 cambiar a la AP-2\/A-2 (N-II)\/ E-90 direcci\u00f3n L\u00e9rida, salida 6 direcci\u00f3n Zaragoza hasta L\u00e9rida. Una vez all\u00ed, seguir por la A 22 direcci\u00f3n Huesca hasta encontrar la salida a Barbastro, tras recorrer 4 kil\u00f3metros encontraremos una rotonda en la circunvalaci\u00f3n de Barbastro donde ya veremos nuevamente la indicaci\u00f3n a Ainsa y 8 kil\u00f3metros mas tarde nos desviaremos a la derecha para tomar la A-138 direcci\u00f3n Ainsa\/Francia\/Parque Nacional de Ordesa que nos conducir\u00e1 directamente hasta Ainsa, nada m\u00e1s entrar al pueblo ver\u00e1 una rotonda y nuestro hotel.<\/li><\/ul><\/li><\/ul><p>\u00a0<\/p><ul><li><strong>Valencia: 480 km - 4 horas y 45 minutos.<\/strong><ul><li>Tomar V-30 direcci\u00f3n Paterna. Tomar a la derecha CV-31 direcci\u00f3n Valencia. Tomar CV-35 direcci\u00f3n Valencia\/Adamuz. Tomar salida 7 direcci\u00f3n Barcelona. Tomar A-7\/E-15 Autopista del Mediterr\u00e1neo\/E-15. Tomar salida 38 hacia Hospitalet del Infant. Tomar a la derecha C-44. Tomar a la derecha C-12. Continuar por A-242. Tomar A-2 y seguir hasta salida 458 direcci\u00f3n Lleida. Una vez all\u00ed, tomaremos la A 22 direcci\u00f3n Huesca hasta encontrar la salida a Barbastro, tras recorrer 4 kil\u00f3metros encontraremos una rotonda en la circunvalaci\u00f3n de Barbastro donde ya veremos nuevamente la indicaci\u00f3n a Ainsa y 8 kil\u00f3metros mas tarde nos desviaremos a la derecha para tomar la A-138 direcci\u00f3n Ainsa\/Francia\/Parque Nacional de Ordesa que nos conducir\u00e1 directamente hasta Ainsa, nada m\u00e1s entrar al pueblo ver\u00e1 una rotonda y nuestro hotel.<\/li><\/ul><\/li><\/ul><p>\u00a0<\/p><ul><li><strong>Pamplona: 180 km - 1 hora y 50 minutos.<\/strong><ul><li>Tomar la autov\u00eda direcci\u00f3n Jaca, en algunos tramos la autov\u00eda se convierte en carretera nacional pues algunos tramos la autov\u00eda todav\u00eda no est\u00e1 en uso. En Jaca continuaremos direcci\u00f3n Sabi\u00f1anigo, realizaremos la circunvalaci\u00f3n de esta localidad y, muy importante, estaremos muy atentos para localizar el panel indicador de Yebra de Basa (no vayan hacia Biescas como antes), lo que nos permitir\u00e1 disfrutar de la nueva carretera Fiscal - Yebra de Basa inaugurada en Verano de 2012 y acortar nuestra ruta en m\u00e1s de 45 minutos, en Fiscal ya ver\u00e1 la indicaci\u00f3n Bolta\u00f1a\/Ainsa, una vez llegados a Ainsa debe tomar direcci\u00f3n Barbastro y enseguida nos encontrar\u00e1 tras cruzar el puente del Rio Ara.<\/li><\/ul><\/li><\/ul><p>\u00a0<\/p><ul><li><strong>Toulouse (Francia): 230 km - 2 horas y 30 minutos.<\/strong><ul><li>Tomar N-88 direcci\u00f3n Auch. Continuar por A62 y salir direcci\u00f3n Auch\/Tarbes\/Lourdes. Tomar A629\/E9 y salir en salida 25 direcci\u00f3n Foix\/Tarbes\/Lourdes. Tomar A64\/E80 direcci\u00f3n Saint Gaudens. Tomar E80 y cerca de Lannemezan tomar la salida 16 direcci\u00f3n Lanemezan\/Arreau\/Auch. Continuar por E80 y seguir direcci\u00f3n Barthe de Neste\/Arreau\/Auch\/H\u00f4pitaux. Continuar por D939 y cerca de La Barthe de Neste tomar a la derecha D929 hasta Fabian. Tomar a la izquierda D118 y continuar por D173 hasta entrar en territorio espa\u00f1ol. Continuar por A-138 hasta llegar a Ainsa.<\/li><\/ul><\/li><\/ul>","_et_gb_content_width":"","footnotes":""},"class_list":["post-202","page","type-page","status-publish","hentry"],"_links":{"self":[{"href":"https:\/\/mesonainsa.com\/en\/wp-json\/wp\/v2\/pages\/202","targetHints":{"allow":["GET"]}}],"collection":[{"href":"https:\/\/mesonainsa.com\/en\/wp-json\/wp\/v2\/pages"}],"about":[{"href":"https:\/\/mesonainsa.com\/en\/wp-json\/wp\/v2\/types\/page"}],"author":[{"embeddable":true,"href":"https:\/\/mesonainsa.com\/en\/wp-json\/wp\/v2\/users\/1"}],"replies":[{"embeddable":true,"href":"https:\/\/mesonainsa.com\/en\/wp-json\/wp\/v2\/comments?post=202"}],"version-history":[{"count":10,"href":"https:\/\/mesonainsa.com\/en\/wp-json\/wp\/v2\/pages\/202\/revisions"}],"predecessor-version":[{"id":2610,"href":"https:\/\/mesonainsa.com\/en\/wp-json\/wp\/v2\/pages\/202\/revisions\/2610"}],"wp:attachment":[{"href":"https:\/\/mesonainsa.com\/en\/wp-json\/wp\/v2\/media?parent=202"}],"curies":[{"name":"wp","href":"https:\/\/api.w.org\/{rel}","templated":true}]}}