{"id":2328,"date":"2019-05-06T14:28:16","date_gmt":"2019-05-06T14:28:16","guid":{"rendered":"https:\/\/mesonainsa.com\/politica-de-privacidad\/"},"modified":"2022-03-17T18:21:36","modified_gmt":"2022-03-17T17:21:36","slug":"privacy-policy","status":"publish","type":"page","link":"https:\/\/mesonainsa.com\/en\/privacy-policy\/","title":{"rendered":"Privacy Policy"},"content":{"rendered":"<h2>I. RESPONSABLE<\/h2>\n<p>\u00bfQui\u00e9n es el responsable de tratamiento de sus datos?<br \/>\n\u2022 Raz\u00f3n social: MESON DE AINSA SC<br \/>\n\u2022 CIF: J22132872<br \/>\n\u2022 Domicilio: AVDA. SOBRARBE, 12 &#8211; 22330 AINSA (HUESCA)<br \/>\n\u2022 Tel\u00e9fono: 974500028<br \/>\n\u2022 Correo electr\u00f3nico: BOLSAPIRINEOS@GMAIL.COM<\/p>\n<h2>II. FINALIDAD<\/h2>\n<p>\u00bfCon que finalidad trataremos sus datos personales?<br \/>\nEn MESON DE AINSA SC trataremos su informaci\u00f3n para:<br \/>\n\u2022 Mantenimiento de la relaci\u00f3n mercantil y prestaci\u00f3n del servicio contratado.<\/p>\n<p>\u2022 Realizaci\u00f3n de un presupuesto ajustado a sus necesidades.<\/p>\n<p>\u2022 Gestionar comunicaciones por correo electr\u00f3nico con interesados.<\/p>\n<p>\u2022 Controlar la seguridad de las instalaciones (videovigilancia).<\/p>\n<p>\u2022 Gesti\u00f3n de los empleados y recursos humanos de la sociedad.<\/p>\n<p>\u00bfDurante cu\u00e1nto tiempo tendremos sus datos?<br \/>\nLos datos personales que nos proporciones ser\u00e1n conservados mientras se mantenga la relaci\u00f3n mercantil vigente. No obstante para tener la m\u00e1xima transparencia con usted le indicamos que los c\u00f3mputos generales con los que trabajamos son:<br \/>\n\u2022 Contable, fiscal: seis (6) a\u00f1os.<\/p>\n<p>\u2022 Laboral: diez (10) a\u00f1os.<\/p>\n<p>\u2022 Videovigilancia: treinta (30) d\u00edas, salvo grabaci\u00f3n de una infracci\u00f3n y\/o delito.<\/p>\n<p>No obstante pese a la existencia de estos plazos generales, le informamos que de forma peri\u00f3dica revisaremos nuestros sistemas para proceder a eliminar aquellos datos que no sean legalmente necesarios.<\/p>\n<h2>III. LEGITIMACI\u00d3N<\/h2>\n<p>\u00bfCu\u00e1l es la legitimaci\u00f3n para el tratamiento de sus datos?<br \/>\nSeg\u00fan las finalidades de la recogida de nuestros datos, el tratamiento de sus datos es necesario:<br \/>\n1. Gestionar la relaci\u00f3n mercantil que ha suscrito y contratado con nosotros.<br \/>\na. Ejecuci\u00f3n de un contrato (habilitado por el art\u00edculo 6.1.b RGPD)<br \/>\nb. Consentimiento del interesado (habitado por el art\u00edculo 6.1.a RGPD)<\/p>\n<p>2. Realizaci\u00f3n de un presupuesto ajustado a sus necesidades.<br \/>\na. Ejecuci\u00f3n de un contrato y\/o relaci\u00f3n precontractual (habilitado por el art\u00edculo 6.1.b RGPD)<\/p>\n<p>3. Gestionar comunicaciones por correo electr\u00f3nico con interesados.<br \/>\na. Consentimiento del interesado (habitado por el art\u00edculo 6.1.a RGPD)<br \/>\nb. Inter\u00e9s leg\u00edtimo (habilitado por el art\u00edculo 6.1.f RGPD)<\/p>\n<p>4. Controlar la seguridad de las instalaciones (videovigilancia)<br \/>\na. Inter\u00e9s leg\u00edtimo (habilitado por el art\u00edculo 6.1.f RGPD)<\/p>\n<p>5. Gesti\u00f3n de los empleados y recursos humanos internos de la sociedad<br \/>\na. Ejecuci\u00f3n contractual (habilitado por el art\u00edculo 6.1.b RGPD)<\/p>\n<p>Asimismo, todos los datos recogidos son necesarios para la prestaci\u00f3n del servicio. No obstante, aquellos datos que est\u00e9n marcados con un asterisco (*) ser\u00e1n obligatorios. En el caso de que los datos obligatorios no fueran facilitados MESON DE AINSA SC no podr\u00e1 prestarle el servicio contratado.<\/p>\n<h2>IV. DERECHOS QUE LE ASISTEN A LAS PERSONAS INTERESADAS<\/h2>\n<p>\u00bfQu\u00e9 derechos tengo en materia de protecci\u00f3n de datos?<br \/>\nPuede ejercitar cualquiera de los siguientes derechos comunic\u00e1ndonoslo a la direcci\u00f3n postal AVDA. SOBRARBE, 12 &#8211; 22330 AINSA (HUESCA) o a la direcci\u00f3n electr\u00f3nica indicada en el encabezado (BOLSAPIRINEOS@GMAIL.COM). En todo caso, seg\u00fan la normativa vigente tiene reconocido el:<br \/>\n\u2022 Derecho a solicitar el acceso a los datos personales relativos al interesado.<\/p>\n<p>\u2022 Derecho a solicitar su rectificaci\u00f3n o supresi\u00f3n.<\/p>\n<p>\u2022 Derecho a solicitar la limitaci\u00f3n del tratamiento.<\/p>\n<p>\u2022 Derecho a oponerse al tratamiento.<\/p>\n<p>\u2022 Derecho a la portabilidad.<\/p>\n<p>Podr\u00e1 hacer uso de los siguientes formularios para poder ejercitar sus derechos de una manera m\u00e1s f\u00e1cil. Puede descargarlos pulsando aqu\u00ed. [ADJUNTAR FORMULARIOS. V\u00c9ASE DOCUMENTO N\u00daMERO 10: DERECHO DE LOS INTERESADOS]. Adicionalmente, puede presentar una reclamaci\u00f3n ante la Agencia Espa\u00f1ola de Protecci\u00f3n de Datos (AEPD). M\u00e1s informaci\u00f3n en el Apartado VII del presente documento.<\/p>\n<h2>V. DESTINATARIOS<\/h2>\n<p>\u00bfA qu\u00e9 destinatarios se comunicar\u00e1n sus datos?<br \/>\nSus datos no ser\u00e1n comunicados a terceras empresas.<br \/>\nAsimismo, le informamos que sus datos no se transferir\u00e1n internacionalmente a ning\u00fan tercer pa\u00eds.<\/p>\n<h2>VI. PROCEDENCIA DE SUS DATOS<\/h2>\n<p>\u00bfC\u00f3mo hemos obtenido sus datos?<\/p>\n<p>Los datos de car\u00e1cter personal que utiliza MESON DE AINSA SC proceden del propio interesado.<\/p>\n<p>\u00bfQu\u00e9 categor\u00edas de datos manejamos?<\/p>\n<p>&nbsp;<\/p>\n<p>Las categor\u00edas de datos de car\u00e1cter personal que se tratan:<\/p>\n<p>\u2022 Datos de identificaci\u00f3n<br \/>\n\u25e6 Nombre<br \/>\n\u25e6 Apellidos<br \/>\n\u25e6 DNI \/ NIE \/ Pasaporte o documento equivalente<br \/>\n\u25e6 Direcciones postales<br \/>\n\u25e6 Direcciones electr\u00f3nicas<br \/>\n\u25e6 Sexo<br \/>\n\u25e6 Fecha de nacimiento<br \/>\n\u25e6 Lugar de nacimiento<\/p>\n<p>\u2022 Informaci\u00f3n comercial<\/p>\n<p>\u2022 Datos econ\u00f3micos<br \/>\n\u25e6 N\u00famero de cuenta bancaria<br \/>\n\u25e6 N\u00famero de tarjeta de cr\u00e9dito<\/p>\n<p>\u2022 Videovigilancia<br \/>\n\u25e6 Imagen<\/p>\n<p>MESON DE AINSA SC no trata datos especialmente protegidos.<\/p>\n<h2>VII. AUTORIDAD DE CONTROL<\/h2>\n<p>Desde MESON DE AINSA SC ponemos el m\u00e1ximo empe\u00f1o para cumplir con la normativa de protecci\u00f3n de datos dado que es el activo m\u00e1s valioso para nosotros. No obstante, le informamos que en caso de que usted entienda que sus derechos se han visto menoscabados, puede presentar una reclamaci\u00f3n ante la Agencia Espa\u00f1ola de Protecci\u00f3n de Datos (AEPD), sita en C\/ Jorge Juan, 6. 28001 \u2013 Madrid. M\u00e1s informaci\u00f3n sobre la AEPD. http:\/\/www.agpd.es\/<\/p>\n<p>[matomo_opt_out language=es]<\/p>\n","protected":false},"excerpt":{"rendered":"<p>I. RESPONSABLE \u00bfQui\u00e9n es el responsable de tratamiento de sus datos? \u2022 Raz\u00f3n social: MESON DE AINSA SC \u2022 CIF: J22132872 \u2022 Domicilio: AVDA. SOBRARBE, 12 &#8211; 22330 AINSA (HUESCA) \u2022 Tel\u00e9fono: 974500028 \u2022 Correo electr\u00f3nico: BOLSAPIRINEOS@GMAIL.COM II. FINALIDAD \u00bfCon que finalidad trataremos sus datos personales? En MESON DE AINSA SC trataremos su informaci\u00f3n para: [&hellip;]<\/p>\n","protected":false},"author":1,"featured_media":0,"parent":0,"menu_order":0,"comment_status":"closed","ping_status":"closed","template":"","meta":{"_et_pb_use_builder":"","_et_pb_old_content":"","_et_gb_content_width":"","footnotes":""},"class_list":["post-2328","page","type-page","status-publish","hentry"],"_links":{"self":[{"href":"https:\/\/mesonainsa.com\/en\/wp-json\/wp\/v2\/pages\/2328","targetHints":{"allow":["GET"]}}],"collection":[{"href":"https:\/\/mesonainsa.com\/en\/wp-json\/wp\/v2\/pages"}],"about":[{"href":"https:\/\/mesonainsa.com\/en\/wp-json\/wp\/v2\/types\/page"}],"author":[{"embeddable":true,"href":"https:\/\/mesonainsa.com\/en\/wp-json\/wp\/v2\/users\/1"}],"replies":[{"embeddable":true,"href":"https:\/\/mesonainsa.com\/en\/wp-json\/wp\/v2\/comments?post=2328"}],"version-history":[{"count":2,"href":"https:\/\/mesonainsa.com\/en\/wp-json\/wp\/v2\/pages\/2328\/revisions"}],"predecessor-version":[{"id":2333,"href":"https:\/\/mesonainsa.com\/en\/wp-json\/wp\/v2\/pages\/2328\/revisions\/2333"}],"wp:attachment":[{"href":"https:\/\/mesonainsa.com\/en\/wp-json\/wp\/v2\/media?parent=2328"}],"curies":[{"name":"wp","href":"https:\/\/api.w.org\/{rel}","templated":true}]}}