{"id":259,"date":"2017-12-14T17:14:53","date_gmt":"2017-12-14T17:14:53","guid":{"rendered":"https:\/\/mesonainsa.com\/web\/btt-ainsa-pirineo\/"},"modified":"2018-02-06T12:47:22","modified_gmt":"2018-02-06T12:47:22","slug":"btt-ainsa-pirineo","status":"publish","type":"page","link":"https:\/\/mesonainsa.com\/en\/btt-ainsa-pirineo\/","title":{"rendered":"Zona Zero"},"content":{"rendered":"<p>[et_pb_section fb_built=&#8221;1&#8243; fullwidth=&#8221;on&#8221; _builder_version=&#8221;3.0.47&#8243;][et_pb_fullwidth_slider _builder_version=&#8221;3.0.100&#8243; box_shadow_style=&#8221;preset6&#8243; box_shadow_blur=&#8221;10px&#8221; box_shadow_color=&#8221;rgba(0,0,0,0.1)&#8221; show_inner_shadow=&#8221;on&#8221;][et_pb_slide heading=&#8221;MTB Zona Zero&#8221; use_bg_overlay=&#8221;off&#8221; use_text_overlay=&#8221;off&#8221; _builder_version=&#8221;3.0.100&#8243; background_image=&#8221;https:\/\/mesonainsa.com\/wp-content\/uploads\/2018\/01\/20150108_155628.jpg&#8221; custom_button=&#8221;off&#8221; button_on_hover=&#8221;on&#8221;][\/et_pb_slide][\/et_pb_fullwidth_slider][\/et_pb_section][et_pb_section fb_built=&#8221;1&#8243; _builder_version=&#8221;3.0.47&#8243;][et_pb_row _builder_version=&#8221;3.0.47&#8243; background_size=&#8221;initial&#8221; background_position=&#8221;top_left&#8221; background_repeat=&#8221;repeat&#8221;][et_pb_column type=&#8221;4_4&#8243; _builder_version=&#8221;3.0.47&#8243; parallax=&#8221;off&#8221; parallax_method=&#8221;on&#8221;][et_pb_text _builder_version=&#8221;3.0.100&#8243;]<\/p>\n<div class=\"field-item even\" style=\"text-align: center;\"><span style=\"text-decoration: underline; font-size: 30px;\"><span style=\"color: #333333; text-decoration: underline;\">MTB in Zona Zero<\/span><\/span><\/div>\n<p>&nbsp;<\/p>\n<p>&nbsp;<\/p>\n<h4 style=\"text-align: center;\">We are a BikeFriendly hotel and partner founders of Zona Zero MTB Center.<\/h4>\n<p>&nbsp;<\/p>\n<p><img loading=\"lazy\" decoding=\"async\" class=\"aligncenter wp-image-1099 size-large\" src=\"..\/..\/wp-content\/uploads\/2018\/01\/img_5087_-_copia-1-1024x492.jpg\" alt=\"\" width=\"1024\" height=\"492\" scale=\"0\" \/><\/p>\n<p style=\"text-align: justify;\">\u00a0<\/p>\n<h4 style=\"text-align: justify;\">El Hotel Mes\u00f3n de L\u00b4 Ainsa, como uno de los establecimientos fundadores, ha estado desde el principio involucrado y vinculado totalmente con el centro BTT Zona Zero; cuenta con todo lo necesario en sus instalaciones para que el Biker solamente tenga que pensar en disfrutar de las rutas de enduro: parking gratuito, lugar cerrado y seguro para las bicis, manguera para limpieza, mapas de las rutas, herramientas para reparaciones, bomba de hinchar e informaci\u00f3n detallada y tracks sobre cualquier ruta incluida o no en la Zona Zero, adem\u00e1s de servicios de restauraci\u00f3n adaptados a las necesidades del Biker y descuentos especiales para grupos de ciclistas. Salvo que ese d\u00eda las habitaciones est\u00e9n ocupadas, tenemos por costumbre dejar que los bikers puedan ducharse al finalizar la ruta el dia de salida.<\/h4>\n<h4 style=\"text-align: justify;\">Buena parte de las rutas del Centro BTT Zona Zero tienen su inicio enfrente del Hotel y otras tantas a 200 metros, pero quiz\u00e1 lo m\u00e1s importante es que tenemos el conocimiento de las rutas que solo ofrece el haber disfrutado como Biker de sus senderos recorri\u00e9ndolos una y otra vez, tanto los incluidos en las rutas oficiales y sus variantes, como los que est\u00e1n en la secci\u00f3n de otras rutas y cualquier otro camino en Ainsa y su entorno, pues estamos enamorados del Enduro y de la BTT, y hemos colaborado en recuperar, junto a la Asociaci\u00f3n de los amigos de los caminos tradicionales del Sobrarbe, muchos de los senderos incluidos en la Zona Zero.<\/h4>\n<p>&nbsp;<\/p>\n<p><img loading=\"lazy\" decoding=\"async\" class=\"aligncenter wp-image-1098 size-large\" src=\"..\/..\/wp-content\/uploads\/2018\/01\/img_5093_-_copia-1024x510.jpg\" alt=\"\" width=\"1024\" height=\"510\" scale=\"0\" \/><\/p>\n<p>[\/et_pb_text][\/et_pb_column][\/et_pb_row][\/et_pb_section]<\/p>\n","protected":false},"excerpt":{"rendered":"<p>MTB in Zona Zero &nbsp; &nbsp; We are a BikeFriendly hotel and partner founders of Zona Zero MTB Center. &nbsp; \u00a0 El Hotel Mes\u00f3n de L\u00b4 Ainsa, como uno de los establecimientos fundadores, ha estado desde el principio involucrado y vinculado totalmente con el centro BTT Zona Zero; cuenta con todo lo necesario en sus [&hellip;]<\/p>\n","protected":false},"author":1,"featured_media":0,"parent":0,"menu_order":0,"comment_status":"closed","ping_status":"closed","template":"","meta":{"_et_pb_use_builder":"on","_et_pb_old_content":"<div class=\"field field-name-field-imagen-principal-pagina field-type-image field-label-hidden\"><div class=\"field-items\"><div class=\"field-item even\"><img src=\"https:\/\/mesonainsa.com\/sites\/default\/files\/styles\/img_pri_hab_serv_cabecera\/public\/img_5112.jpg?itok=pGC9wse0\" alt=\"\" width=\"712\" height=\"230\" \/><\/div><\/div><\/div><div class=\"field field-name-body field-type-text-with-summary field-label-hidden\"><div class=\"field-items\"><div class=\"field-item even\"><p><u><strong>\u00a1Somos alojamiento Bikefriendly\u00a1<\/strong><\/u> y uno de los fundadores de Zona Zero, disponemos de un lulgar seguro para guardar las bicis, manguera para limpieza, herramientas para reparaciones y os dejamos duchar el d\u00eda de salida a cualquier hora (salvo que est\u00e9n todas las habitaciones ocupadas).<\/p><p><img src=\"https:\/\/mesonainsa.com\/sites\/default\/files\/img_5087_-_copia.jpg\" alt=\"\" \/><\/p><p>El Hotel Mes\u00f3n de L\u00b4 Ainsa, como uno de los establecimientos fundadores, ha estado desde el principio involucrado y vinculado totalmente con el centro BTT Zona Zero; cuenta con todo lo necesario en sus instalaciones para que el Biker solamente tenga que pensar en disfrutar de las rutas de enduro: parking gratuito, lugar cerrado y seguro para las bicis, manguera para limpieza, mapas de las rutas, herramientas para reparaciones, bomba de hinchar e informaci\u00f3n detallada y tracks sobre cualquier ruta incluida o no en la Zona Zero, adem\u00e1s de servicios de restauraci\u00f3n adaptados a las necesidades del Biker y descuentos especiales para grupos de ciclistas. Salvo que ese d\u00eda las habitaciones est\u00e9n ocupadas, tenemos por costumbre dejar que los bikers puedan ducharse al finalizar la ruta el dia de salida.<\/p><p><img src=\"https:\/\/mesonainsa.com\/sites\/default\/files\/zona_zero_logo_naranja.jpg\" alt=\"\" \/><img src=\"https:\/\/mesonainsa.com\/sites\/default\/files\/zona_zero_ews.jpg\" alt=\"\" \/><\/p><p>Buena parte de las rutas del Centro BTT Zona Zero tienen su inicio enfrente del Hotel y otras tantas a 200 metros, pero quiz\u00e1 lo m\u00e1s importante es que tenemos el conocimiento de las rutas que solo ofrece el haber disfrutado como Biker de sus senderos recorri\u00e9ndolos una y otra vez, tanto los incluidos en las rutas oficiales y sus variantes, como los que est\u00e1n en la secci\u00f3n de otras rutas y cualquier otro camino en Ainsa y su entorno, pues estamos enamorados del Enduro y de la BTT, y hemos colaborado en recuperar, junto a la Asociaci\u00f3n de los amigos de los caminos tradicionales del Sobrarbe, muchos de los senderos incluidos en la Zona Zero.<\/p><p><img src=\"https:\/\/mesonainsa.com\/sites\/default\/files\/img_5093_-_copia.jpg\" alt=\"\" \/><\/p><p>M\u00e1s informaci\u00f3n sobre el centro BTT Zona Zero en los siguientes enlaces:<\/p><p>- <a href=\"http:\/\/www.pirineosbtt.com\/\">Enduro en la Zona Zero<\/a> (Nuestro blog sobre BTT)<\/p><p>- <a href=\"http:\/\/bttpirineo.com\">Centro BTT Zona Zero<\/a> (Web oficial de la Zona Zero)<\/p><p>- <a href=\"http:\/\/www.pirenaicas.es\/\">Pirenacias<\/a> (Grandes rutas alpinas)<\/p><p>- <a href=\"http:\/\/gpspirineo.com\">GPS Pirineo<\/a> (Mas de 100 rutas para BTT en la Zona Zero)<\/p><p>A continuaci\u00f3n os dejamos con un video de la Zona Zero y nuestro blog dedicado a rutas en BTT en la Zona Zero.<\/p><\/div><\/div><p>[pt_view id=\"e91cf29tc2\"]<\/p><\/div>","_et_gb_content_width":"","footnotes":""},"class_list":["post-259","page","type-page","status-publish","hentry"],"_links":{"self":[{"href":"https:\/\/mesonainsa.com\/en\/wp-json\/wp\/v2\/pages\/259","targetHints":{"allow":["GET"]}}],"collection":[{"href":"https:\/\/mesonainsa.com\/en\/wp-json\/wp\/v2\/pages"}],"about":[{"href":"https:\/\/mesonainsa.com\/en\/wp-json\/wp\/v2\/types\/page"}],"author":[{"embeddable":true,"href":"https:\/\/mesonainsa.com\/en\/wp-json\/wp\/v2\/users\/1"}],"replies":[{"embeddable":true,"href":"https:\/\/mesonainsa.com\/en\/wp-json\/wp\/v2\/comments?post=259"}],"version-history":[{"count":13,"href":"https:\/\/mesonainsa.com\/en\/wp-json\/wp\/v2\/pages\/259\/revisions"}],"predecessor-version":[{"id":1984,"href":"https:\/\/mesonainsa.com\/en\/wp-json\/wp\/v2\/pages\/259\/revisions\/1984"}],"wp:attachment":[{"href":"https:\/\/mesonainsa.com\/en\/wp-json\/wp\/v2\/media?parent=259"}],"curies":[{"name":"wp","href":"https:\/\/api.w.org\/{rel}","templated":true}]}}