{"id":275,"date":"2017-12-14T17:13:55","date_gmt":"2017-12-14T17:13:55","guid":{"rendered":"https:\/\/mesonainsa.com\/web\/habitaciones\/"},"modified":"2020-09-08T16:44:20","modified_gmt":"2020-09-08T15:44:20","slug":"rooms","status":"publish","type":"page","link":"https:\/\/mesonainsa.com\/en\/rooms\/","title":{"rendered":"Rooms"},"content":{"rendered":"<p>[et_pb_section fb_built=&#8221;1&#8243; fullwidth=&#8221;on&#8221; _builder_version=&#8221;3.22&#8243;][et_pb_fullwidth_slider _builder_version=&#8221;3.16&#8243; hover_enabled=&#8221;0&#8243; box_shadow_style=&#8221;preset6&#8243; box_shadow_blur=&#8221;10px&#8221; box_shadow_color=&#8221;rgba(0,0,0,0.1)&#8221; show_inner_shadow=&#8221;on&#8221; button_text_size__hover_enabled=&#8221;off&#8221; button_one_text_size__hover_enabled=&#8221;off&#8221; button_two_text_size__hover_enabled=&#8221;off&#8221; button_text_color__hover_enabled=&#8221;off&#8221; button_one_text_color__hover_enabled=&#8221;off&#8221; button_two_text_color__hover_enabled=&#8221;off&#8221; button_border_width__hover_enabled=&#8221;off&#8221; button_one_border_width__hover_enabled=&#8221;off&#8221; button_two_border_width__hover_enabled=&#8221;off&#8221; button_border_color__hover_enabled=&#8221;off&#8221; button_one_border_color__hover_enabled=&#8221;off&#8221; button_two_border_color__hover_enabled=&#8221;off&#8221; button_border_radius__hover_enabled=&#8221;off&#8221; button_one_border_radius__hover_enabled=&#8221;off&#8221; button_two_border_radius__hover_enabled=&#8221;off&#8221; button_letter_spacing__hover_enabled=&#8221;off&#8221; button_one_letter_spacing__hover_enabled=&#8221;off&#8221; button_two_letter_spacing__hover_enabled=&#8221;off&#8221; button_bg_color__hover_enabled=&#8221;off&#8221; button_one_bg_color__hover_enabled=&#8221;off&#8221; button_two_bg_color__hover_enabled=&#8221;off&#8221;][et_pb_slide heading=&#8221;Rooms Mes\u00f3n de L&#8217; Ainsa Hotel&#8221; button_text=&#8221;Reservations&#8221; button_link=&#8221;https:\/\/secure.bookerclub.com\/cgi-bin\/index.pl?_state=Hotels&#038;itable=hotel&#038;searchtype=b&#038;aid=248&#038;iindex=646&#038;lang=en&#038;currency=eur&#038;PromoCode=  &#8221; use_bg_overlay=&#8221;off&#8221; use_text_overlay=&#8221;off&#8221; _builder_version=&#8221;4.4.2&#8243; background_color=&#8221;#ffffff&#8221; background_image=&#8221;https:\/\/mesonainsa.com\/wp-content\/uploads\/2018\/01\/IMG_5074-recortada.jpg&#8221; button_on_hover=&#8221;on&#8221; hover_enabled=&#8221;0&#8243; button_text_size__hover_enabled=&#8221;off&#8221; button_one_text_size__hover_enabled=&#8221;off&#8221; button_two_text_size__hover_enabled=&#8221;off&#8221; button_text_color__hover_enabled=&#8221;off&#8221; button_one_text_color__hover_enabled=&#8221;off&#8221; button_two_text_color__hover_enabled=&#8221;off&#8221; button_border_width__hover_enabled=&#8221;off&#8221; button_one_border_width__hover_enabled=&#8221;off&#8221; button_two_border_width__hover_enabled=&#8221;off&#8221; button_border_color__hover_enabled=&#8221;off&#8221; button_one_border_color__hover_enabled=&#8221;off&#8221; button_two_border_color__hover_enabled=&#8221;off&#8221; button_border_radius__hover_enabled=&#8221;off&#8221; button_one_border_radius__hover_enabled=&#8221;off&#8221; button_two_border_radius__hover_enabled=&#8221;off&#8221; button_letter_spacing__hover_enabled=&#8221;off&#8221; button_one_letter_spacing__hover_enabled=&#8221;off&#8221; button_two_letter_spacing__hover_enabled=&#8221;off&#8221; button_bg_color__hover_enabled=&#8221;off&#8221; button_one_bg_color__hover_enabled=&#8221;off&#8221; button_two_bg_color__hover_enabled=&#8221;off&#8221; url_new_window=&#8221;on&#8221;][\/et_pb_slide][\/et_pb_fullwidth_slider][\/et_pb_section][et_pb_section fb_built=&#8221;1&#8243; _builder_version=&#8221;3.22&#8243;][et_pb_row _builder_version=&#8221;3.25&#8243; background_size=&#8221;initial&#8221; background_position=&#8221;top_left&#8221; background_repeat=&#8221;repeat&#8221;][et_pb_column type=&#8221;4_4&#8243; _builder_version=&#8221;3.25&#8243; custom_padding=&#8221;|||&#8221; custom_padding__hover=&#8221;|||&#8221;][et_pb_text _builder_version=&#8221;3.27.4&#8243;]<\/p>\n<h1 style=\"text-align: center;\">Rooms Hotel Mes\u00f3n de L\u00b4 Ainsa<\/h1>\n<div class=\"region region-content\">\n<div class=\"contextual-links-region\">\n<div class=\"panel-flexible panels-flexible-5 clearfix\">\n<div class=\"panel-flexible-inside panels-flexible-5-inside\">\n<div class=\"panels-flexible-region panels-flexible-region-5-center panels-flexible-region-first panels-flexible-region-last\">\n<div class=\"inside panels-flexible-region-inside panels-flexible-region-5-center-inside panels-flexible-region-inside-first panels-flexible-region-inside-last\">\n<div class=\"contextual-links-region panel-pane pane-node\">\n<div class=\"pane-content\">\n<div class=\"ds-1col node node-page node-promoted view-mode-full clearfix\">\n<div class=\"field field-name-body field-type-text-with-summary field-label-hidden\">\n<div class=\"field-items\">\n<div class=\"field-item even\">\n<div class=\"field field-name-body field-type-text-with-summary field-label-hidden\">\n<div class=\"field-items\">\n<div class=\"field-item even\">\n<h4>Hotel Mes\u00f3n de A\u00ednsa provides 60 spacious rooms with balcony. We have single, double, triple and quadruple rooms. Half of the rooms have beautiful views over the river and the old Town of A\u00ednsa, while the other half looks towards the mountains.<\/h4>\n<h4>You can ask for your preferences when you make your reservation, we will do our best, always depending on the availability.<\/h4>\n<h4 style=\"text-align: center;\"><div class=\"pt-cv-wrapper et_smooth_scroll_disabled\"><div class=\"pt-cv-view pt-cv-grid pt-cv-colsys pt-cv-content-hover pt-cv-clickable pt-cv-force-mask pt-cv-overlay-middle\" id=\"pt-cv-view-be88913gm6\"><div data-id=\"pt-cv-page-1\" class=\"pt-cv-page\" data-cvc=\"2\"><div class=\"col-md-6 col-sm-6 col-xs-12 pt-cv-content-item pt-cv-1-col\"  data-pid=\"1013\"><div class='pt-cv-ifield'><div class=\"pt-cv-hover-wrapper\"><a href=\"https:\/\/mesonainsa.com\/en\/habitacion-doble-con-terraza\/\" class=\"_self pt-cv-href-thumbnail pt-cv-thumb-default cvplbd cvp-lazy-container cvp-responsive-image img-none\" target=\"_self\" data-iw=\"400\" data-ih=\"284\"><img decoding=\"async\" width=\"400\" src=\"https:\/\/mesonainsa.com\/wp-content\/plugins\/pt-content-views-pro\/public\/assets\/images\/lazy_image.png\" class=\"pt-cv-thumbnail img-none cvp-substitute skip-lazy  cvplazy\" alt=\"Double or twin room with balcony\" title=\"\" data-cvpsrc=\"..\/..\/wp-content\/uploads\/2018\/01\/IMG_5074-4-1024x768.jpg\" \/><\/a><div class=\"pt-cv-mask\"><h3 class=\"pt-cv-animation-left pt-cv-title\"><a href=\"https:\/\/mesonainsa.com\/en\/habitacion-doble-con-terraza\/\" class=\"_self cvplbd\" target=\"_self\" data-iw=\"400\" data-ih=\"284\">Double or twin room with balcony<\/a><\/h3><div class=\"pt-cv-animation-right pt-cv-content\">[et_pb_section fb_built=\"1\" _builder_version=\"3.0.47\"][et_pb_row _builder_version=\"3.0.47\" background_size=\"initial\" background_position=\"top_left\" background_repeat=\"repeat\"][et_pb_column type=\"4_4\" _builder_version=\"3.0.47\" parallax=\"off\" parallax_method=\"on\"][et_pb_text _builder_version=\"3.0.100\" background_size=\"initial\" background_position=\"top_left\" background_repeat=\"repeat\"] Double and twin rooms are ...<br \/><div class=\"pt-cv-rmwrap\"><a href=\"https:\/\/mesonainsa.com\/en\/habitacion-doble-con-terraza\/\" class=\"_self pt-cv-readmore btn btn-success cvplbd\" target=\"_self\" data-iw=\"400\" data-ih=\"284\">Leer M\u00e1s<\/a><\/div><\/div><\/div><\/div><\/div><\/div>\n<div class=\"col-md-6 col-sm-6 col-xs-12 pt-cv-content-item pt-cv-1-col\"  data-pid=\"1015\"><div class='pt-cv-ifield'><div class=\"pt-cv-hover-wrapper\"><a href=\"https:\/\/mesonainsa.com\/en\/habitacion-individual\/\" class=\"_self pt-cv-href-thumbnail pt-cv-thumb-default cvplbd cvp-lazy-container cvp-responsive-image img-none\" target=\"_self\" data-iw=\"400\" data-ih=\"284\"><img decoding=\"async\" width=\"400\" src=\"https:\/\/mesonainsa.com\/wp-content\/plugins\/pt-content-views-pro\/public\/assets\/images\/lazy_image.png\" class=\"pt-cv-thumbnail img-none cvp-substitute skip-lazy  cvplazy\" alt=\"Single Room\" title=\"\" data-cvpsrc=\"..\/..\/wp-content\/uploads\/2018\/01\/2011_habitacion_hotel_meson_de_ainsa_3.preview-1-1024x640.jpg\" \/><\/a><div class=\"pt-cv-mask\"><h3 class=\"pt-cv-animation-left pt-cv-title\"><a href=\"https:\/\/mesonainsa.com\/en\/habitacion-individual\/\" class=\"_self cvplbd\" target=\"_self\" data-iw=\"400\" data-ih=\"284\">Single Room<\/a><\/h3><div class=\"pt-cv-animation-right pt-cv-content\">[et_pb_section fb_built=\"1\" admin_label=\"section\" _builder_version=\"3.0.47\"][et_pb_row custom_padding=\"27px|0px|27px|0px\" admin_label=\"row\" _builder_version=\"3.0.47\" background_size=\"initial\" background_position=\"top_left\" background_repeat=\"repeat\"][et_pb_column type=\"4_4\" _builder_version=\"3.0.47\" parallax=\"off\" parallax_method=\"on\"][et_pb_text admin_label=\"Text\" _builder_version=\"3.0.100\" background_size=\"initial\" background_position=\"top_left\" background_repeat=\"repeat\"] Singles ...<br \/><div class=\"pt-cv-rmwrap\"><a href=\"https:\/\/mesonainsa.com\/en\/habitacion-individual\/\" class=\"_self pt-cv-readmore btn btn-success cvplbd\" target=\"_self\" data-iw=\"400\" data-ih=\"284\">Leer M\u00e1s<\/a><\/div><\/div><\/div><\/div><\/div><\/div>\n<div class=\"col-md-6 col-sm-6 col-xs-12 pt-cv-content-item pt-cv-1-col\"  data-pid=\"1017\"><div class='pt-cv-ifield'><div class=\"pt-cv-hover-wrapper\"><a href=\"https:\/\/mesonainsa.com\/en\/habitacion-triple-con-terraza\/\" class=\"_self pt-cv-href-thumbnail pt-cv-thumb-default cvplbd cvp-lazy-container cvp-responsive-image img-none\" target=\"_self\" data-iw=\"400\" data-ih=\"284\"><img decoding=\"async\" width=\"400\" src=\"https:\/\/mesonainsa.com\/wp-content\/plugins\/pt-content-views-pro\/public\/assets\/images\/lazy_image.png\" class=\"pt-cv-thumbnail img-none cvp-substitute skip-lazy  cvplazy\" alt=\"Triple room with balcony\" title=\"\" data-cvpsrc=\"https:\/\/mesonainsa.com\/wp-content\/uploads\/2018\/01\/20180129_114523-1024x576.jpg\" \/><\/a><div class=\"pt-cv-mask\"><h3 class=\"pt-cv-animation-left pt-cv-title\"><a href=\"https:\/\/mesonainsa.com\/en\/habitacion-triple-con-terraza\/\" class=\"_self cvplbd\" target=\"_self\" data-iw=\"400\" data-ih=\"284\">Triple room with balcony<\/a><\/h3><div class=\"pt-cv-animation-right pt-cv-content\">[et_pb_section fb_built=\"1\" admin_label=\"section\" _builder_version=\"3.0.47\"][et_pb_row admin_label=\"row\" _builder_version=\"3.0.47\" background_size=\"initial\" background_position=\"top_left\" background_repeat=\"repeat\"][et_pb_column type=\"4_4\" _builder_version=\"3.0.47\" parallax=\"off\" parallax_method=\"on\"][et_pb_text admin_label=\"Text\" _builder_version=\"3.0.100\" background_size=\"initial\" background_position=\"top_left\" background_repeat=\"repeat\"] Triple rooms ...<br \/><div class=\"pt-cv-rmwrap\"><a href=\"https:\/\/mesonainsa.com\/en\/habitacion-triple-con-terraza\/\" class=\"_self pt-cv-readmore btn btn-success cvplbd\" target=\"_self\" data-iw=\"400\" data-ih=\"284\">Leer M\u00e1s<\/a><\/div><\/div><\/div><\/div><\/div><\/div>\n<div class=\"col-md-6 col-sm-6 col-xs-12 pt-cv-content-item pt-cv-1-col\"  data-pid=\"1020\"><div class='pt-cv-ifield'><div class=\"pt-cv-hover-wrapper\"><a href=\"https:\/\/mesonainsa.com\/en\/habitacion-cuadruple-con-terraza\/\" class=\"_self pt-cv-href-thumbnail pt-cv-thumb-default cvplbd cvp-lazy-container cvp-responsive-image img-none\" target=\"_self\" data-iw=\"400\" data-ih=\"284\"><img decoding=\"async\" width=\"400\" src=\"https:\/\/mesonainsa.com\/wp-content\/plugins\/pt-content-views-pro\/public\/assets\/images\/lazy_image.png\" class=\"pt-cv-thumbnail img-none cvp-substitute skip-lazy  cvplazy\" alt=\"Quadruple room with balcony\" title=\"\" data-cvpsrc=\"..\/..\/wp-content\/uploads\/2018\/01\/20180129_113913-1024x576.jpg\" \/><\/a><div class=\"pt-cv-mask\"><h3 class=\"pt-cv-animation-left pt-cv-title\"><a href=\"https:\/\/mesonainsa.com\/en\/habitacion-cuadruple-con-terraza\/\" class=\"_self cvplbd\" target=\"_self\" data-iw=\"400\" data-ih=\"284\">Quadruple room with balcony<\/a><\/h3><div class=\"pt-cv-animation-right pt-cv-content\">[et_pb_section fb_built=\"1\" admin_label=\"section\" _builder_version=\"3.0.47\"][et_pb_row admin_label=\"row\" _builder_version=\"3.0.47\" background_size=\"initial\" background_position=\"top_left\" background_repeat=\"repeat\"][et_pb_column type=\"4_4\" _builder_version=\"3.0.47\" parallax=\"off\" parallax_method=\"on\"][et_pb_text admin_label=\"Text\" _builder_version=\"3.0.100\" background_size=\"initial\" background_position=\"top_left\" background_repeat=\"repeat\"] Quadruple rooms ...<br \/><div class=\"pt-cv-rmwrap\"><a href=\"https:\/\/mesonainsa.com\/en\/habitacion-cuadruple-con-terraza\/\" class=\"_self pt-cv-readmore btn btn-success cvplbd\" target=\"_self\" data-iw=\"400\" data-ih=\"284\">Leer M\u00e1s<\/a><\/div><\/div><\/div><\/div><\/div><\/div>\n<div class=\"col-md-6 col-sm-6 col-xs-12 pt-cv-content-item pt-cv-1-col\"  data-pid=\"1023\"><div class='pt-cv-ifield'><div class=\"pt-cv-hover-wrapper\"><a href=\"https:\/\/mesonainsa.com\/en\/habitacion-familiar-con-terraza\/\" class=\"_self pt-cv-href-thumbnail pt-cv-thumb-default cvplbd cvp-lazy-container cvp-responsive-image img-none\" target=\"_self\" data-iw=\"400\" data-ih=\"284\"><img decoding=\"async\" width=\"400\" src=\"https:\/\/mesonainsa.com\/wp-content\/plugins\/pt-content-views-pro\/public\/assets\/images\/lazy_image.png\" class=\"pt-cv-thumbnail img-none cvp-substitute skip-lazy  cvplazy\" alt=\"Family room with balcony\" title=\"\" data-cvpsrc=\"https:\/\/mesonainsa.com\/wp-content\/uploads\/2018\/01\/20180129_121044-1024x576.jpg\" \/><\/a><div class=\"pt-cv-mask\"><h3 class=\"pt-cv-animation-left pt-cv-title\"><a href=\"https:\/\/mesonainsa.com\/en\/habitacion-familiar-con-terraza\/\" class=\"_self cvplbd\" target=\"_self\" data-iw=\"400\" data-ih=\"284\">Family room with balcony<\/a><\/h3><div class=\"pt-cv-animation-right pt-cv-content\">[et_pb_section fb_built=\"1\" admin_label=\"section\" _builder_version=\"3.0.47\"][et_pb_row admin_label=\"row\" _builder_version=\"3.0.47\" background_size=\"initial\" background_position=\"top_left\" background_repeat=\"repeat\"][et_pb_column type=\"4_4\" _builder_version=\"3.0.47\" parallax=\"off\" parallax_method=\"on\"][et_pb_text admin_label=\"Text\" _builder_version=\"3.0.100\" background_size=\"initial\" background_position=\"top_left\" background_repeat=\"repeat\"] Family rooms ...<br \/><div class=\"pt-cv-rmwrap\"><a href=\"https:\/\/mesonainsa.com\/en\/habitacion-familiar-con-terraza\/\" class=\"_self pt-cv-readmore btn btn-success cvplbd\" target=\"_self\" data-iw=\"400\" data-ih=\"284\">Leer M\u00e1s<\/a><\/div><\/div><\/div><\/div><\/div><\/div>\n<div class=\"col-md-6 col-sm-6 col-xs-12 pt-cv-content-item pt-cv-1-col\"  data-pid=\"1025\"><div class='pt-cv-ifield'><div class=\"pt-cv-hover-wrapper\"><a href=\"https:\/\/mesonainsa.com\/en\/habitacion-doble-economica\/\" class=\"_self pt-cv-href-thumbnail pt-cv-thumb-default cvplbd cvp-lazy-container cvp-responsive-image img-none\" target=\"_self\" data-iw=\"400\" data-ih=\"284\"><img decoding=\"async\" width=\"400\" src=\"https:\/\/mesonainsa.com\/wp-content\/plugins\/pt-content-views-pro\/public\/assets\/images\/lazy_image.png\" class=\"pt-cv-thumbnail img-none cvp-substitute skip-lazy  cvplazy\" alt=\"Double or twin economy room\" title=\"\" data-cvpsrc=\"..\/..\/wp-content\/uploads\/2018\/01\/20161128_164505-1-1024x640.jpg\" \/><\/a><div class=\"pt-cv-mask\"><h3 class=\"pt-cv-animation-left pt-cv-title\"><a href=\"https:\/\/mesonainsa.com\/en\/habitacion-doble-economica\/\" class=\"_self cvplbd\" target=\"_self\" data-iw=\"400\" data-ih=\"284\">Double or twin economy room<\/a><\/h3><div class=\"pt-cv-animation-right pt-cv-content\">[et_pb_section fb_built=\"1\" admin_label=\"section\" _builder_version=\"3.0.47\"][et_pb_row admin_label=\"row\" _builder_version=\"3.0.47\" background_size=\"initial\" background_position=\"top_left\" background_repeat=\"repeat\"][et_pb_column type=\"4_4\" _builder_version=\"3.0.47\" parallax=\"off\" parallax_method=\"on\"][et_pb_text admin_label=\"Text\" _builder_version=\"3.0.100\" background_size=\"initial\" background_position=\"top_left\" background_repeat=\"repeat\"] The most ...<br \/><div class=\"pt-cv-rmwrap\"><a href=\"https:\/\/mesonainsa.com\/en\/habitacion-doble-economica\/\" class=\"_self pt-cv-readmore btn btn-success cvplbd\" target=\"_self\" data-iw=\"400\" data-ih=\"284\">Leer M\u00e1s<\/a><\/div><\/div><\/div><\/div><\/div><\/div><\/div><\/div><\/div>\t\t\t<style type=\"text\/css\" id=\"pt-cv-inline-style-6b4f39617n\">#pt-cv-view-be88913gm6 .pt-cv-content-item { padding-bottom: 25px !important; }\n#pt-cv-view-be88913gm6  { margin-bottom: 0px !important; }\n#pt-cv-view-be88913gm6 .pt-cv-title a, #pt-cv-view-be88913gm6  .panel-title { font-weight: 600 !important; display: block !important; text-align: center !important; clear: both !important; }\n#pt-cv-view-be88913gm6 .pt-cv-content , #pt-cv-view-be88913gm6  .pt-cv-content *:not(.pt-cv-readmore):not(style):not(script) { display: block !important; text-align: center !important; clear: both !important; }\n#pt-cv-view-be88913gm6:not(.pt-cv-nohover) .pt-cv-mask *   { color: #fff; }\n#pt-cv-view-be88913gm6 .pt-cv-readmore  { color: #ffffff !important; background-color: #000000 !important; }\n#pt-cv-view-be88913gm6 .pt-cv-readmore:hover  { color: #ffffff !important; background-color: #00aeef !important; }\n#pt-cv-view-be88913gm6  + .pt-cv-pagination-wrapper .pt-cv-more , #pt-cv-view-be88913gm6  + .pt-cv-pagination-wrapper .pagination .active a, .pt-cv-pagination[data-sid='be88913gm6'] .active a { color: #ffffff !important; background-color: #00aeef !important; }\n#pt-cv-view-be88913gm6 .cvp-responsive-image[style*=\"background-image\"] { width: 400px; max-height: 284px; overflow: hidden; aspect-ratio: 1.4084507042254 }\n#pt-cv-view-be88913gm6 .cvp-responsive-image img { max-width: 400px; max-height: 284px; aspect-ratio: 1.4084507042254 }<\/style>\r\n\t\t\t<\/h4>\n<\/div>\n<\/div>\n<\/div>\n<\/div>\n<\/div>\n<\/div>\n<\/div>\n<\/div>\n<\/div>\n<\/div>\n<\/div>\n<\/div>\n<\/div>\n<\/div>\n<\/div>\n<p>[\/et_pb_text][\/et_pb_column][\/et_pb_row][et_pb_row _builder_version=&#8221;3.25&#8243; background_size=&#8221;initial&#8221; background_position=&#8221;top_left&#8221; background_repeat=&#8221;repeat&#8221;][et_pb_column type=&#8221;4_4&#8243; _builder_version=&#8221;3.25&#8243; custom_padding=&#8221;|||&#8221; custom_padding__hover=&#8221;|||&#8221;][et_pb_text admin_label=&#8221;Equipamiento&#8221; _builder_version=&#8221;3.27.4&#8243;]<\/p>\n<div class=\"region region-content\">\n<div class=\"contextual-links-region\">\n<div class=\"panel-flexible panels-flexible-5 clearfix\">\n<div class=\"panel-flexible-inside panels-flexible-5-inside\">\n<div class=\"panels-flexible-region panels-flexible-region-5-center panels-flexible-region-first panels-flexible-region-last\">\n<div class=\"inside panels-flexible-region-inside panels-flexible-region-5-center-inside panels-flexible-region-inside-first panels-flexible-region-inside-last\">\n<div class=\"contextual-links-region panel-pane pane-node\">\n<div class=\"pane-content\">\n<div class=\"ds-1col node node-page node-promoted view-mode-full clearfix\">\n<div class=\"field field-name-body field-type-text-with-summary field-label-hidden\">\n<div class=\"field-items\">\n<div class=\"field-item even\">\n<div class=\"field field-name-body field-type-text-with-summary field-label-hidden\">\n<div class=\"field-items\">\n<div class=\"field-item even\">\n<h4>The rooms are equipped with:<\/h4>\n<ul>\n<li>\n<h4>Full bathroom (with hair dryer, shampoo, shower gel, etc).<\/h4>\n<\/li>\n<li>\n<h4>HD TV with channels in English, Spanish, Catalan, French and German.<\/h4>\n<\/li>\n<li>\n<h4>Individual outside balcony.<\/h4>\n<\/li>\n<li>\n<h4>Telephone.<\/h4>\n<\/li>\n<li>\n<h4>Refrigerator.<\/h4>\n<\/li>\n<li>\n<h4>Safe.<\/h4>\n<\/li>\n<li>\n<h4>Air conditioning.<\/h4>\n<\/li>\n<li>\n<h4>Heating.<\/h4>\n<\/li>\n<li>\n<h4>Free Internet WIFI connection (ADSL).<\/h4>\n<\/li>\n<\/ul>\n<\/div>\n<\/div>\n<\/div>\n<\/div>\n<\/div>\n<\/div>\n<\/div>\n<\/div>\n<\/div>\n<\/div>\n<\/div>\n<\/div>\n<\/div>\n<\/div>\n<\/div>\n<h4>We provide closed parking for cars and motorcycles for free.<\/h4>\n<p>&nbsp;<br \/>\n[\/et_pb_text][\/et_pb_column][\/et_pb_row][\/et_pb_section]<\/p>\n","protected":false},"excerpt":{"rendered":"<p>Rooms Hotel Mes\u00f3n de L\u00b4 Ainsa Hotel Mes\u00f3n de A\u00ednsa provides 60 spacious rooms with balcony. We have single, double, triple and quadruple rooms. Half of the rooms have beautiful views over the river and the old Town of A\u00ednsa, while the other half looks towards the mountains. You can ask for your preferences when [&hellip;]<\/p>\n","protected":false},"author":1,"featured_media":0,"parent":0,"menu_order":0,"comment_status":"closed","ping_status":"closed","template":"","meta":{"_et_pb_use_builder":"on","_et_pb_old_content":"<h1>Habitaciones Hotel Mes\u00f3n de L\u00b4 Ainsa<\/h1><div class=\"region region-content\"><div class=\"contextual-links-region\"><div class=\"panel-flexible panels-flexible-5 clearfix\"><div class=\"panel-flexible-inside panels-flexible-5-inside\"><div class=\"panels-flexible-region panels-flexible-region-5-center panels-flexible-region-first panels-flexible-region-last\"><div class=\"inside panels-flexible-region-inside panels-flexible-region-5-center-inside panels-flexible-region-inside-first panels-flexible-region-inside-last\"><div class=\"contextual-links-region panel-pane pane-node\"><div class=\"pane-content\"><div class=\"ds-1col node node-page node-promoted view-mode-full clearfix\"><div class=\"field field-name-field-imagen-principal-pagina field-type-image field-label-hidden\"><div class=\"field-items\"><div class=\"field-item even\"><img title=\"Habitaci\u00f3n hotel meson\" src=\"https:\/\/mesonainsa.com\/sites\/default\/files\/styles\/img_pri_hab_serv_cabecera\/public\/img_5074_2.jpg?itok=mPljdm75\" alt=\"\" width=\"712\" height=\"230\" \/><\/div><\/div><\/div><div class=\"field field-name-body field-type-text-with-summary field-label-hidden\"><div class=\"field-items\"><div class=\"field-item even\"><p>El Hotel Mes\u00f3n de Ainsa les ofrece sus 60 amplias y modernas habitaciones , la mitad\u00a0de ellas con vista al r\u00edo Ara y casco\u00a0antiguo de Ainsa y la otra mitad hacia la monta\u00f1a.<\/p><p><strong><u>Equipamiento:<\/u><\/strong><\/p><p>Ba\u00f1o Completo con secador de pelo, champu y gel.<\/p><p>Wifi free<\/p><p>TV con pantalla plana de 22\" o 32\"<\/p><p>Terraza individual (excepto algunas dobles econ\u00f3micas)<\/p><p>Nevera<\/p><p>Caja fuerte gratuita<\/p><p>Aire acondicionado\/calefacci\u00f3n<\/p><p>Parking cerrado y gratuito para todos los clientes<\/p><p>Habitaciones adaptadas para minusvalidos (bajo petici\u00f3n de disponibilidad)<\/p><p>Ascensor de 8 plazas<\/p><p>Se aceptan <strong><u>mascotas<\/u><\/strong> en determinadas habitaciones siempre bajo petici\u00f3n y seg\u00fan fechas* con un coste de 9 euros por mascota y d\u00eda .<\/p><p>* No se aceptan mascotas viernes y sabado de Semana Santa y durante 20\/25 d\u00edas de agosto adem\u00e1s de alguna fecha adicional)<\/p><p><a href=\"https:\/\/mesonainsa.com\/sites\/default\/files\/normativamascotas.pdf\">Descargar la Normativa para Mascotas en el Hotel Mes\u00f3n de L\u00b4 Ainsa.pdf<\/a><\/p><\/div><\/div><\/div><p><a class=\"lightbox-processed\" title=\"habitaci\u00f3n hotel ainsa\" href=\"https:\/\/mesonainsa.com\/sites\/default\/files\/styles\/large\/public\/img_5075_0.jpg?itok=a04MXwwc\" rel=\"lightbox[field_imagenes_adjuntas_p_ginas][habitaci\u00f3n hotel ainsa<p><a href=\"https:\/\/mesonainsa.com\/sites\/default\/files\/img_5075_0.jpg\">Download Original<\/a><\/p>]\"><img title=\"habitaci\u00f3n hotel ainsa\" src=\"https:\/\/mesonainsa.com\/sites\/default\/files\/styles\/img_lit_hab_serv\/public\/img_5075_0.jpg?itok=SV15bcSb\" alt=\"\" width=\"172\" height=\"130\" \/><\/a><a class=\"lightbox-processed\" title=\"\" href=\"https:\/\/mesonainsa.com\/sites\/default\/files\/styles\/large\/public\/img_5084_0.jpg?itok=--qQCEGC\" rel=\"lightbox[field_imagenes_adjuntas_p_ginas][<p><a href=\"https:\/\/mesonainsa.com\/sites\/default\/files\/img_5084_0.jpg\">Download Original<\/a><\/p>]\"><img src=\"https:\/\/mesonainsa.com\/sites\/default\/files\/styles\/img_lit_hab_serv\/public\/img_5084_0.jpg?itok=9lFhZ7wq\" alt=\"hotel ainsa habitaciones\" width=\"172\" height=\"130\" \/><\/a><a class=\"lightbox-processed\" title=\"\" href=\"https:\/\/mesonainsa.com\/sites\/default\/files\/styles\/large\/public\/img_1192_4.jpg?itok=2TIIXnYr\" rel=\"lightbox[field_imagenes_adjuntas_p_ginas][<p><a href=\"https:\/\/mesonainsa.com\/sites\/default\/files\/img_1192_4.jpg\">Download Original<\/a><\/p>]\"><img src=\"https:\/\/mesonainsa.com\/sites\/default\/files\/styles\/img_lit_hab_serv\/public\/img_1192_4.jpg?itok=8kj6U16g\" alt=\"\" width=\"172\" height=\"130\" \/><\/a><a class=\"lightbox-processed\" title=\"\" href=\"https:\/\/mesonainsa.com\/sites\/default\/files\/styles\/large\/public\/img_5074_0.jpg?itok=zzzfF0er\" rel=\"lightbox[field_imagenes_adjuntas_p_ginas][<p><a href=\"https:\/\/mesonainsa.com\/sites\/default\/files\/img_5074_0.jpg\">Download Original<\/a><\/p>]\"><img src=\"https:\/\/mesonainsa.com\/sites\/default\/files\/styles\/img_lit_hab_serv\/public\/img_5074_0.jpg?itok=piYdlHKs\" alt=\"\" width=\"172\" height=\"130\" \/><\/a><\/p><\/div><\/div><\/div><\/div><\/div><\/div><\/div><\/div><\/div><p>-<\/p><p>[pt_view id=\"be88913gm6\"]<\/p>","_et_gb_content_width":"","footnotes":""},"class_list":["post-275","page","type-page","status-publish","hentry"],"_links":{"self":[{"href":"https:\/\/mesonainsa.com\/en\/wp-json\/wp\/v2\/pages\/275","targetHints":{"allow":["GET"]}}],"collection":[{"href":"https:\/\/mesonainsa.com\/en\/wp-json\/wp\/v2\/pages"}],"about":[{"href":"https:\/\/mesonainsa.com\/en\/wp-json\/wp\/v2\/types\/page"}],"author":[{"embeddable":true,"href":"https:\/\/mesonainsa.com\/en\/wp-json\/wp\/v2\/users\/1"}],"replies":[{"embeddable":true,"href":"https:\/\/mesonainsa.com\/en\/wp-json\/wp\/v2\/comments?post=275"}],"version-history":[{"count":14,"href":"https:\/\/mesonainsa.com\/en\/wp-json\/wp\/v2\/pages\/275\/revisions"}],"predecessor-version":[{"id":2267,"href":"https:\/\/mesonainsa.com\/en\/wp-json\/wp\/v2\/pages\/275\/revisions\/2267"}],"wp:attachment":[{"href":"https:\/\/mesonainsa.com\/en\/wp-json\/wp\/v2\/media?parent=275"}],"curies":[{"name":"wp","href":"https:\/\/api.w.org\/{rel}","templated":true}]}}