{"id":293,"date":"2017-12-14T17:21:16","date_gmt":"2017-12-14T17:21:16","guid":{"rendered":"https:\/\/mesonainsa.com\/web\/de-turismo\/"},"modified":"2018-02-06T16:44:36","modified_gmt":"2018-02-06T16:44:36","slug":"tourism","status":"publish","type":"page","link":"https:\/\/mesonainsa.com\/en\/tourism\/","title":{"rendered":"Tourism"},"content":{"rendered":"<p>[et_pb_section fb_built=&#8221;1&#8243; fullwidth=&#8221;on&#8221; _builder_version=&#8221;3.0.47&#8243;][et_pb_fullwidth_slider _builder_version=&#8221;3.0.98&#8243; box_shadow_style=&#8221;preset6&#8243; box_shadow_blur=&#8221;10px&#8221; box_shadow_color=&#8221;rgba(0,0,0,0.1)&#8221; show_inner_shadow=&#8221;on&#8221;][et_pb_slide heading=&#8221;Tourism in Ainsa&#8221; use_bg_overlay=&#8221;off&#8221; use_text_overlay=&#8221;off&#8221; _builder_version=&#8221;3.0.98&#8243; background_image=&#8221;https:\/\/mesonainsa.com\/wp-content\/uploads\/2018\/01\/torre_de_murillo_y_cerro_de_coton_23.preview_0.jpg&#8221; custom_button=&#8221;off&#8221; button_on_hover=&#8221;on&#8221;][\/et_pb_slide][\/et_pb_fullwidth_slider][\/et_pb_section][et_pb_section fb_built=&#8221;1&#8243; _builder_version=&#8221;3.0.47&#8243;][et_pb_row _builder_version=&#8221;3.0.47&#8243; background_size=&#8221;initial&#8221; background_position=&#8221;top_left&#8221; background_repeat=&#8221;repeat&#8221;][et_pb_column type=&#8221;4_4&#8243; _builder_version=&#8221;3.0.47&#8243; parallax=&#8221;off&#8221; parallax_method=&#8221;on&#8221;][et_pb_text _builder_version=&#8221;3.0.100&#8243;]<\/p>\n<h1 style=\"text-align: center;\"><span style=\"text-decoration: underline;\">Tourism: Ainsa, Ordesa Park and the Pyrenees<\/span><\/h1>\n<p><span style=\"text-decoration: underline;\"><\/span><\/p>\n<p><span style=\"text-decoration: underline;\"><\/span><\/p>\n<p><span style=\"text-decoration: underline;\"><\/span><\/p>\n<h1><\/h1>\n<div class=\"region region-content\">\n<div class=\"panel-flexible panels-flexible-11 clearfix\">\n<div class=\"panel-flexible-inside panels-flexible-11-inside\">\n<div class=\"panels-flexible-region panels-flexible-region-11-center panels-flexible-region-first panels-flexible-region-last\">\n<div class=\"inside panels-flexible-region-inside panels-flexible-region-11-center-inside panels-flexible-region-inside-first panels-flexible-region-inside-last\">\n<div class=\"panel-pane pane-node\">\n<div class=\"pane-content\">\n<div class=\"ds-1col node node-page node-promoted view-mode-full clearfix\">\n<div class=\"field field-name-body field-type-text-with-summary field-label-hidden\">\n<div class=\"field-items\">\n<div class=\"field-item even\">\n<div class=\"field field-name-body field-type-text-with-summary field-label-hidden\">\n<div class=\"field-items\">\n<div class=\"field-item even\">\n<h4 style=\"text-align: justify;\">At the reception we offer tourist information about routes and excursions, when you arrive at the hotel we also offer you an exclusive brochure about the different Parks (National and Natural) and other interesting places in our surrounding, with detailed maps of walks and excursions you can do.<\/h4>\n<h4 style=\"text-align: justify;\">A big part of the territory of the Sobrarbe Region is integrated in three natural areas that protect their ecologic richness: the National Park of Ordesa and Monte Perdido ( A\u00f1isclo Valley, Pineta Valley, Ordesa Valley, the Gorge of Escuain&#8230;), the Natural Park of Posets Maladeta and the Natural Park of the Sierra y Ca\u00f1ones de Guara. The traditional gastronomy and the interesting spots share the outstanding monumental richness of the villages and the beauty of the landscape. A privileged place, an attractive natural surrounding that allows choosing the many activities that are offered: walks, excursions, adventure sports, cultural routes or touristic routes.<\/h4>\n<h4 style=\"text-align: justify;\">You can dedicate your time in going for a walk into a beautiful nature that is easy to enter. In each season there will be other colours, lights and forms, and the wind, the water and the sun are perfect landscape \u201cbuilders\u201d. You can also decide to find something with a bigger effort and practice a mountain sport like canyoning, rafting, skiing, etc&#8230;, or get to know better the National Park of Ordesa or one of the two closest Natural Parks: the Posets Maladeta and the Sierra y Ca\u00f1ones de Guara.<\/h4>\n<h4 style=\"text-align: justify;\">If you would like to make an excursion, the long or short tracks will offer you memorable and beautiful spots in a region that is built on a heaven of peace in an incredible nature. It\u2019s an ideal destination to do different activities in the open air. Other possibilities on offer in the region include visiting the nearby villages, like our home town of Ainsa, where you can walk on the paved streets and admire the lovely monuments that transmit the medieval period; Bolta\u00f1a, where you can get lost in the streets and spots of the biggest old town of the region; Bielsa, a village that\u2019s very close to the border of France; the valley of La Fueva, formed by small villages and hamlets that are still not completely discovered; or the valley of Chistau, whose population is saving the traditional taste and habits that they have maintained over the years.<\/h4>\n<h4 style=\"text-align: justify;\">Those who love good cooking will find this location suits them well, because the traditional gastronomy here is of a very high standard and full of character. The traditional food is combined with a high standard of cooking and gives a specific identity to this region.<\/h4>\n<\/div>\n<\/div>\n<\/div>\n<\/div>\n<\/div>\n<\/div>\n<\/div>\n<\/div>\n<\/div>\n<\/div>\n<\/div>\n<\/div>\n<\/div>\n<\/div>\n<p>[\/et_pb_text][\/et_pb_column][\/et_pb_row][\/et_pb_section]<\/p>\n","protected":false},"excerpt":{"rendered":"<p>Tourism: Ainsa, Ordesa Park and the Pyrenees At the reception we offer tourist information about routes and excursions, when you arrive at the hotel we also offer you an exclusive brochure about the different Parks (National and Natural) and other interesting places in our surrounding, with detailed maps of walks and excursions you can do. [&hellip;]<\/p>\n","protected":false},"author":1,"featured_media":0,"parent":0,"menu_order":0,"comment_status":"closed","ping_status":"closed","template":"","meta":{"_et_pb_use_builder":"on","_et_pb_old_content":"<h1>De turismo: Ainsa, El Sobrarbe, El Pirineo<\/h1><div class=\"region region-content\"><div class=\"panel-flexible panels-flexible-11 clearfix\"><div class=\"panel-flexible-inside panels-flexible-11-inside\"><div class=\"panels-flexible-region panels-flexible-region-11-center panels-flexible-region-first panels-flexible-region-last\"><div class=\"inside panels-flexible-region-inside panels-flexible-region-11-center-inside panels-flexible-region-inside-first panels-flexible-region-inside-last\"><div class=\"panel-pane pane-node\"><div class=\"pane-content\"><div class=\"ds-1col node node-page node-promoted view-mode-full clearfix\"><div class=\"field field-name-field-imagen-principal-pagina field-type-image field-label-hidden\"><div class=\"field-items\"><div class=\"field-item even\"><a href=\"https:\/\/mesonainsa.com\/sites\/default\/files\/folleto_hotel_en_pdf_0.pdf\">Descargue en PDF nuestro mapa \/ folleto con excursiones recomendadas en el Parque de Ordesa y la Comarca del Sobrarbe<\/a><\/div><\/div><\/div><div class=\"field field-name-body field-type-text-with-summary field-label-hidden\"><div class=\"field-items\"><div class=\"field-item even\"><p>(Le entregaremos el original con fotos en Alta Definici\u00f3n a su llegada al hotel).<\/p><p>Ainsa esta situado en el valle m\u00e1s virgen del Pirineo, la Villa Medieval es monumento nacional y oficialmente uno de los pueblos bonitos de Espa\u00f1a. Recomendamos realizar la excursi\u00f3n del Valle de Ordesa y llegar hasta la cascada de la Cola de Caballo, visitar el Valle de Pineta con sus espectaculares cascadas y el desfiladero de A\u00f1isclo. Adem\u00e1s existen otros muchos grandes y peque\u00f1os lugares que descubrir, el placer de \"perderse\" por la Sierra de Guara, visitar Plan, bonito pueblo Pirenaico popularizado por la \"caravana de mujeres\" o descubrir el Monasterio de San Victori\u00e1n en las faldas de la Pe\u00f1a Monta\u00f1esa.<\/p><p>Algunas excursiones a pie pueden realizarse andando desde la puerta del hotel: el corredor verde del r\u00edo Ara, los miradores de Partara y el cerro de Cot\u00f3n con sus espectaculares vistas del embalse de Mediano entre otras.<\/p><p style=\"text-align: center;\">[pt_view id=\"deee943xqr\"]<\/p><\/div><\/div><\/div><\/div><\/div><\/div><\/div><\/div><\/div><\/div><\/div><p>\u00a0<\/p>","_et_gb_content_width":"","footnotes":""},"class_list":["post-293","page","type-page","status-publish","hentry"],"_links":{"self":[{"href":"https:\/\/mesonainsa.com\/en\/wp-json\/wp\/v2\/pages\/293","targetHints":{"allow":["GET"]}}],"collection":[{"href":"https:\/\/mesonainsa.com\/en\/wp-json\/wp\/v2\/pages"}],"about":[{"href":"https:\/\/mesonainsa.com\/en\/wp-json\/wp\/v2\/types\/page"}],"author":[{"embeddable":true,"href":"https:\/\/mesonainsa.com\/en\/wp-json\/wp\/v2\/users\/1"}],"replies":[{"embeddable":true,"href":"https:\/\/mesonainsa.com\/en\/wp-json\/wp\/v2\/comments?post=293"}],"version-history":[{"count":8,"href":"https:\/\/mesonainsa.com\/en\/wp-json\/wp\/v2\/pages\/293\/revisions"}],"predecessor-version":[{"id":2001,"href":"https:\/\/mesonainsa.com\/en\/wp-json\/wp\/v2\/pages\/293\/revisions\/2001"}],"wp:attachment":[{"href":"https:\/\/mesonainsa.com\/en\/wp-json\/wp\/v2\/media?parent=293"}],"curies":[{"name":"wp","href":"https:\/\/api.w.org\/{rel}","templated":true}]}}