{"id":334,"date":"2017-12-14T17:23:50","date_gmt":"2017-12-14T17:23:50","guid":{"rendered":"https:\/\/mesonainsa.com\/web\/precios\/"},"modified":"2019-02-28T13:16:23","modified_gmt":"2019-02-28T13:16:23","slug":"rates","status":"publish","type":"page","link":"https:\/\/mesonainsa.com\/en\/rates\/","title":{"rendered":"Rates"},"content":{"rendered":"<p>[et_pb_section fb_built=&#8221;1&#8243; fullwidth=&#8221;on&#8221; _builder_version=&#8221;3.0.98&#8243;][et_pb_fullwidth_slider _builder_version=&#8221;3.16&#8243; box_shadow_style=&#8221;preset6&#8243; box_shadow_blur=&#8221;10px&#8221; box_shadow_color=&#8221;rgba(0,0,0,0.1)&#8221; show_inner_shadow=&#8221;on&#8221; button_text_size__hover_enabled=&#8221;off&#8221; button_one_text_size__hover_enabled=&#8221;off&#8221; button_two_text_size__hover_enabled=&#8221;off&#8221; button_text_color__hover_enabled=&#8221;off&#8221; button_one_text_color__hover_enabled=&#8221;off&#8221; button_two_text_color__hover_enabled=&#8221;off&#8221; button_border_width__hover_enabled=&#8221;off&#8221; button_one_border_width__hover_enabled=&#8221;off&#8221; button_two_border_width__hover_enabled=&#8221;off&#8221; button_border_color__hover_enabled=&#8221;off&#8221; button_one_border_color__hover_enabled=&#8221;off&#8221; button_two_border_color__hover_enabled=&#8221;off&#8221; button_border_radius__hover_enabled=&#8221;off&#8221; button_one_border_radius__hover_enabled=&#8221;off&#8221; button_two_border_radius__hover_enabled=&#8221;off&#8221; button_letter_spacing__hover_enabled=&#8221;off&#8221; button_one_letter_spacing__hover_enabled=&#8221;off&#8221; button_two_letter_spacing__hover_enabled=&#8221;off&#8221; button_bg_color__hover_enabled=&#8221;off&#8221; button_one_bg_color__hover_enabled=&#8221;off&#8221; button_two_bg_color__hover_enabled=&#8221;off&#8221;][et_pb_slide use_bg_overlay=&#8221;off&#8221; use_text_overlay=&#8221;off&#8221; _builder_version=&#8221;3.16&#8243; background_color=&#8221;#ffffff&#8221; background_image=&#8221;https:\/\/mesonainsa.com\/wp-content\/uploads\/2018\/01\/0.jpg&#8221; button_on_hover=&#8221;on&#8221; button_text_size__hover_enabled=&#8221;off&#8221; button_one_text_size__hover_enabled=&#8221;off&#8221; button_two_text_size__hover_enabled=&#8221;off&#8221; button_text_color__hover_enabled=&#8221;off&#8221; button_one_text_color__hover_enabled=&#8221;off&#8221; button_two_text_color__hover_enabled=&#8221;off&#8221; button_border_width__hover_enabled=&#8221;off&#8221; button_one_border_width__hover_enabled=&#8221;off&#8221; button_two_border_width__hover_enabled=&#8221;off&#8221; button_border_color__hover_enabled=&#8221;off&#8221; button_one_border_color__hover_enabled=&#8221;off&#8221; button_two_border_color__hover_enabled=&#8221;off&#8221; button_border_radius__hover_enabled=&#8221;off&#8221; button_one_border_radius__hover_enabled=&#8221;off&#8221; button_two_border_radius__hover_enabled=&#8221;off&#8221; button_letter_spacing__hover_enabled=&#8221;off&#8221; button_one_letter_spacing__hover_enabled=&#8221;off&#8221; button_two_letter_spacing__hover_enabled=&#8221;off&#8221; button_bg_color__hover_enabled=&#8221;off&#8221; button_one_bg_color__hover_enabled=&#8221;off&#8221; button_two_bg_color__hover_enabled=&#8221;off&#8221;][\/et_pb_slide][\/et_pb_fullwidth_slider][\/et_pb_section][et_pb_section fb_built=&#8221;1&#8243; _builder_version=&#8221;3.0.47&#8243;][et_pb_row _builder_version=&#8221;3.0.47&#8243; background_size=&#8221;initial&#8221; background_position=&#8221;top_left&#8221; background_repeat=&#8221;repeat&#8221;][et_pb_column type=&#8221;4_4&#8243; _builder_version=&#8221;3.0.47&#8243;][et_pb_text _builder_version=&#8221;3.19.18&#8243;]<\/p>\n<article class=\"art-post art-article\">\n<div class=\"art-postcontent\">\n<div class=\"region region-content\">\n<div class=\"ds-1col node node-page view-mode-full clearfix\">\n<div class=\"field field-name-title field-type-ds field-label-hidden\">\n<div class=\"field-items\">\n<div class=\"field-item even\">\n<h1><strong><span style=\"text-decoration: underline;\">Rates at the Hotel Mes\u00f3n de L&#8217; Ainsa<\/span><\/strong><\/h1>\n<\/div>\n<\/div>\n<\/div>\n<div class=\"field field-name-body field-type-text-with-summary field-label-hidden\">\n<div class=\"field-items\">\n<div class=\"field-item even\">\n<h4>Price per room and day. Parking and taxes are included.<\/h4>\n<h4><strong><u>Low Season<\/u><\/strong><\/h4>\n<h4>Double or twin room with balcony: 55 \u20ac<\/h4>\n<h4>Double or twin Economy room 52 \u20ac<strong>*<\/strong><\/h4>\n<h4>Single room: 43 \u20ac<\/h4>\n<h4>Triple room with balcony: 68 \u20ac<\/h4>\n<h4>Quadruple room with balcony: 78 \u20ac<\/h4>\n<h4>Family Room with balcony: 115 \u20ac (2 comunicating rooms)<\/h4>\n<h4>* Smaller than standard rooms and with window instead of balcony<\/h4>\n<h4><strong><u>Mid Season<\/u><\/strong><\/h4>\n<h4>Double or twin room with balcony: 68 \u20ac<\/h4>\n<h4>Double or twin Economy room 65 \u20ac<strong>*<\/strong><\/h4>\n<h4>Single room: 58 \u20ac<\/h4>\n<h4>Triple room with balcony: 80 \u20ac<\/h4>\n<h4>Quadruple room with balcony: 90 \u20ac<\/h4>\n<h4>Family Room with balcony: 130 \u20ac (2 comunicating rooms)<\/h4>\n<h4><u><strong>High Season<\/strong><\/u><\/h4>\n<h4>Double or twin room with balcony: 78 \u20ac<\/h4>\n<h4>Double or twin Economy room 75 \u20ac<strong>*<\/strong><\/h4>\n<h4>Single room: 70 \u20ac<\/h4>\n<h4>Triple room with balcony: 90 \u20ac<\/h4>\n<h4>Quadruple room with balcony: 100 \u20ac<\/h4>\n<h4>Family Room with balcony: 150 \u20ac (2 comunicating rooms)<\/h4>\n<p>&nbsp;<\/p>\n<h4><u><strong>Restaurant prices<\/strong><\/u><\/h4>\n<h4>Breakfast: 8 \u20ac<\/h4>\n<h4>Lunch or dinner: 14 \u20ac<\/h4>\n<h4>Half Pension: 21 \u20ac<\/h4>\n<h4>Full Board: 33 \u20ac<\/h4>\n<h4>Children menu: 9 \u20ac<\/h4>\n<\/div>\n<\/div>\n<\/div>\n<\/div>\n<\/div>\n<\/div>\n<\/article>\n<p>[\/et_pb_text][\/et_pb_column][\/et_pb_row][\/et_pb_section]<\/p>\n","protected":false},"excerpt":{"rendered":"<p>Rates at the Hotel Mes\u00f3n de L&#8217; Ainsa Price per room and day. Parking and taxes are included. Low Season Double or twin room with balcony: 55 \u20ac Double or twin Economy room 52 \u20ac* Single room: 43 \u20ac Triple room with balcony: 68 \u20ac Quadruple room with balcony: 78 \u20ac Family Room with balcony: [&hellip;]<\/p>\n","protected":false},"author":1,"featured_media":0,"parent":0,"menu_order":0,"comment_status":"closed","ping_status":"closed","template":"","meta":{"_et_pb_use_builder":"on","_et_pb_old_content":"<article class=\"art-post art-article\"><div class=\"art-postcontent\"><div class=\"region region-content\"><div class=\"ds-1col node node-page view-mode-full clearfix\"><div class=\"field field-name-title field-type-ds field-label-hidden\"><div class=\"field-items\"><div class=\"field-item even\"><h2>Tarifas \u00a1mejor precio garantizado!<\/h2><\/div><\/div><\/div><div class=\"field field-name-body field-type-text-with-summary field-label-hidden\"><div class=\"field-items\"><div class=\"field-item even\"><p>Precios por habitaci\u00f3n y d\u00eda con IVA y parking incluidos<\/p><p><strong><u>Temporada Baja<\/u><\/strong>\u00a0(Todo el a\u00f1o excepto fechas de Temporada Alta)<\/p><p>Habitaci\u00f3n Doble con terraza: 52 \u20ac<\/p><p>Habitaci\u00f3n Doble econ\u00f3mica 47 \u20ac*<\/p><p>Habitaci\u00f3n Individual con terraza: 40 \u20ac<\/p><p>Habitaci\u00f3n Triple con terraza: 65 \u20ac<\/p><p>Habitaci\u00f3n Cuadruple con terraza 75 \u20ac<\/p><p>Habitaci\u00f3n Familiar 95 \u20ac (2 habitaciones comunicadas para 4 o 5 personas)<\/p><p>* La habitaci\u00f3n doble econ\u00f3mica dispone de ventana en lugar de terraza y es un poco m\u00e1s peque\u00f1a.<\/p><p><u><strong>Temporada Alta<\/strong><\/u>\u00a0(Semana Santa, Puente del 1 de mayo,\u00a0 del 3 al 27 de Agosto, 10 y 11 de Septiembre y alguna fecha adicional)<\/p><p>Habitaci\u00f3n Doble con terraza: 65\/70 \u20ac<\/p><p>Habitaci\u00f3n Doble econ\u00f3mica 60\/65 \u20ac<\/p><p>Habitaci\u00f3n Individual con terraza: 50\/60 \u20ac<\/p><p>Habitaci\u00f3n Triple con terraza: 80\/85 \u20ac<\/p><p>Habitaci\u00f3n Cuadruple con terraza 100\/110 \u20ac<\/p><p>Habitaci\u00f3n familiar con terraza 130\/140 \u20ac<\/p><p><u><strong>Precios del Restaurante<\/strong><\/u> (Todos los regimenes alimenticios son opcionales y no es necesario contratarlos anticipadamente.)<\/p><p>Desayuno buffet libre: 7,50 \u20ac<\/p><p>Comida o cena 13 \u20ac<\/p><p>Media Pensi\u00f3n: 20 \u20ac<\/p><p>Pensi\u00f3n Completa: 32 \u20ac<\/p><p>Menu infantil 9 \u20ac<\/p><p>* En el 2016 la temporada de apertura de nuestro establecimiento es desde el 16 de Marzo hasta el 1 de Noviembre*<\/p><\/div><\/div><\/div><\/div><\/div><\/div><\/article>","_et_gb_content_width":"","footnotes":""},"class_list":["post-334","page","type-page","status-publish","hentry"],"_links":{"self":[{"href":"https:\/\/mesonainsa.com\/en\/wp-json\/wp\/v2\/pages\/334","targetHints":{"allow":["GET"]}}],"collection":[{"href":"https:\/\/mesonainsa.com\/en\/wp-json\/wp\/v2\/pages"}],"about":[{"href":"https:\/\/mesonainsa.com\/en\/wp-json\/wp\/v2\/types\/page"}],"author":[{"embeddable":true,"href":"https:\/\/mesonainsa.com\/en\/wp-json\/wp\/v2\/users\/1"}],"replies":[{"embeddable":true,"href":"https:\/\/mesonainsa.com\/en\/wp-json\/wp\/v2\/comments?post=334"}],"version-history":[{"count":7,"href":"https:\/\/mesonainsa.com\/en\/wp-json\/wp\/v2\/pages\/334\/revisions"}],"predecessor-version":[{"id":2086,"href":"https:\/\/mesonainsa.com\/en\/wp-json\/wp\/v2\/pages\/334\/revisions\/2086"}],"wp:attachment":[{"href":"https:\/\/mesonainsa.com\/en\/wp-json\/wp\/v2\/media?parent=334"}],"curies":[{"name":"wp","href":"https:\/\/api.w.org\/{rel}","templated":true}]}}