{"id":345,"date":"2017-12-14T17:24:11","date_gmt":"2017-12-14T17:24:11","guid":{"rendered":"https:\/\/mesonainsa.com\/web\/ofertas\/"},"modified":"2018-02-06T14:50:17","modified_gmt":"2018-02-06T14:50:17","slug":"offers","status":"publish","type":"page","link":"https:\/\/mesonainsa.com\/en\/offers\/","title":{"rendered":"Offers"},"content":{"rendered":"<p>[et_pb_section fb_built=&#8221;1&#8243; fullwidth=&#8221;on&#8221; _builder_version=&#8221;3.0.47&#8243;][et_pb_fullwidth_slider _builder_version=&#8221;3.0.97&#8243; box_shadow_style=&#8221;preset6&#8243; box_shadow_blur=&#8221;10px&#8221; box_shadow_color=&#8221;rgba(0,0,0,0.1)&#8221; show_inner_shadow=&#8221;on&#8221;][et_pb_slide heading=&#8221;Offers and News Hotel Mes\u00f3n de L\u2019Ainsa&#8221; use_bg_overlay=&#8221;off&#8221; use_text_overlay=&#8221;off&#8221; _builder_version=&#8221;3.0.97&#8243; background_image=&#8221;https:\/\/mesonainsa.com\/wp-content\/uploads\/2018\/01\/p5020020.jpg&#8221; custom_button=&#8221;off&#8221; button_on_hover=&#8221;on&#8221;][\/et_pb_slide][\/et_pb_fullwidth_slider][\/et_pb_section][et_pb_section fb_built=&#8221;1&#8243; _builder_version=&#8221;3.0.47&#8243;][et_pb_row _builder_version=&#8221;3.0.47&#8243; background_size=&#8221;initial&#8221; background_position=&#8221;top_left&#8221; background_repeat=&#8221;repeat&#8221;][et_pb_column type=&#8221;4_4&#8243; _builder_version=&#8221;3.0.47&#8243; parallax=&#8221;off&#8221; parallax_method=&#8221;on&#8221;][et_pb_text _builder_version=&#8221;3.0.100&#8243;]<\/p>\n<h1 style=\"text-align: center;\"><span style=\"text-decoration: underline;\"><a href=\"..\/..\/es\/ofertas-hotel-ainsa\/consiga-siempre-mejor-precio-web\">Best price guaranteed<\/a><\/span><\/h1>\n<p><span style=\"text-decoration: underline;\"><\/span><\/p>\n<p><span style=\"text-decoration: underline;\"><\/span><\/p>\n<p><span style=\"text-decoration: underline;\"><\/span><\/p>\n<h4 style=\"text-align: center;\">Best price guaranteed in our web <span style=\"text-decoration: underline;\"><span style=\"color: #e02b20;\"><a href=\"http:\/\/www.mesonainsa.com\" style=\"color: #e02b20; text-decoration: underline;\">www.mesonainsa.com<\/a><\/span><\/span>\u00a0and better cancelation policy.<\/h4>\n<h4 style=\"text-align: center;\">Free cancellation until 5 days before arrival (except no refundable reservations).<\/h4>\n<p>[\/et_pb_text][\/et_pb_column][\/et_pb_row][\/et_pb_section]<\/p>\n","protected":false},"excerpt":{"rendered":"<p>Best price guaranteed Best price guaranteed in our web www.mesonainsa.com\u00a0and better cancelation policy. Free cancellation until 5 days before arrival (except no refundable reservations).<\/p>\n","protected":false},"author":1,"featured_media":0,"parent":0,"menu_order":0,"comment_status":"closed","ping_status":"closed","template":"","meta":{"_et_pb_use_builder":"on","_et_pb_old_content":"<h1>Ofertas y Novedades Hotel Mes\u00f3n de L'Ainsa<\/h1><p><img class=\"alignnone wp-image-81\" src=\"https:\/\/mesonainsa.com\/web\/wp-content\/uploads\/2017\/12\/slider_casco_antiguo_ainsa1-300x123.jpg\" alt=\"\" width=\"519\" height=\"213\" \/><\/p><div class=\"field field-name-title field-type-ds field-label-hidden\"><div class=\"field-items\"><div class=\"field-item even\"><h2><a href=\"https:\/\/mesonainsa.com\/es\/ofertas-hotel-ainsa\/consiga-siempre-mejor-precio-web\">Consiga siempre el mejor precio en nuestra web<\/a><\/h2><\/div><\/div><\/div><div><p>En nuestra pagina web oficial encontrar\u00e1 siempre las mejores tarifas con un descuento m\u00ednimo del 4 %, y siempre al menos con las mismas condiciones (o mejores) de cancelaci\u00f3n y forma de pago.<\/p><p>Reserve siempre en <strong><u>www.mesonainsa.com<\/u><\/strong> y obtenga el mejor precio.<\/p><\/div><p>[pt_view id=\"269ab3c8af\"]<\/p>","_et_gb_content_width":"","footnotes":""},"class_list":["post-345","page","type-page","status-publish","hentry"],"_links":{"self":[{"href":"https:\/\/mesonainsa.com\/en\/wp-json\/wp\/v2\/pages\/345","targetHints":{"allow":["GET"]}}],"collection":[{"href":"https:\/\/mesonainsa.com\/en\/wp-json\/wp\/v2\/pages"}],"about":[{"href":"https:\/\/mesonainsa.com\/en\/wp-json\/wp\/v2\/types\/page"}],"author":[{"embeddable":true,"href":"https:\/\/mesonainsa.com\/en\/wp-json\/wp\/v2\/users\/1"}],"replies":[{"embeddable":true,"href":"https:\/\/mesonainsa.com\/en\/wp-json\/wp\/v2\/comments?post=345"}],"version-history":[{"count":8,"href":"https:\/\/mesonainsa.com\/en\/wp-json\/wp\/v2\/pages\/345\/revisions"}],"predecessor-version":[{"id":1992,"href":"https:\/\/mesonainsa.com\/en\/wp-json\/wp\/v2\/pages\/345\/revisions\/1992"}],"wp:attachment":[{"href":"https:\/\/mesonainsa.com\/en\/wp-json\/wp\/v2\/media?parent=345"}],"curies":[{"name":"wp","href":"https:\/\/api.w.org\/{rel}","templated":true}]}}