{"id":294,"date":"2017-12-14T17:21:16","date_gmt":"2017-12-14T17:21:16","guid":{"rendered":"https:\/\/mesonainsa.com\/web\/de-turismo\/"},"modified":"2018-02-05T15:46:21","modified_gmt":"2018-02-05T15:46:21","slug":"tourisme","status":"publish","type":"page","link":"https:\/\/mesonainsa.com\/fr\/tourisme\/","title":{"rendered":"Tourisme"},"content":{"rendered":"<p>[et_pb_section fb_built=\u00a0\u00bb1&Prime; fullwidth=\u00a0\u00bbon\u00a0\u00bb _builder_version=\u00a0\u00bb3.0.47&Prime;][et_pb_fullwidth_slider _builder_version=\u00a0\u00bb3.0.98&Prime; box_shadow_style=\u00a0\u00bbpreset6&Prime; box_shadow_blur=\u00a0\u00bb10px\u00a0\u00bb box_shadow_color=\u00a0\u00bbrgba(0,0,0,0.1)\u00a0\u00bb show_inner_shadow=\u00a0\u00bbon\u00a0\u00bb][et_pb_slide heading=\u00a0\u00bbConozca Ainsa, el Sobrarbe, Ordesa\u00a0\u00bb use_bg_overlay=\u00a0\u00bboff\u00a0\u00bb use_text_overlay=\u00a0\u00bboff\u00a0\u00bb _builder_version=\u00a0\u00bb3.0.98&Prime; background_image=\u00a0\u00bbhttps:\/\/mesonainsa.com\/wp-content\/uploads\/2018\/01\/torre_de_murillo_y_cerro_de_coton_23.preview_0.jpg\u00a0\u00bb custom_button=\u00a0\u00bboff\u00a0\u00bb button_on_hover=\u00a0\u00bbon\u00a0\u00bb][\/et_pb_slide][\/et_pb_fullwidth_slider][\/et_pb_section][et_pb_section fb_built=\u00a0\u00bb1&Prime; _builder_version=\u00a0\u00bb3.0.47&Prime;][et_pb_row _builder_version=\u00a0\u00bb3.0.47&Prime; background_size=\u00a0\u00bbinitial\u00a0\u00bb background_position=\u00a0\u00bbtop_left\u00a0\u00bb background_repeat=\u00a0\u00bbrepeat\u00a0\u00bb][et_pb_column type=\u00a0\u00bb4_4&Prime; _builder_version=\u00a0\u00bb3.0.47&Prime; parallax=\u00a0\u00bboff\u00a0\u00bb parallax_method=\u00a0\u00bbon\u00a0\u00bb][et_pb_text _builder_version=\u00a0\u00bb3.0.98&Prime;]<\/p>\n<h1 style=\"text-align: center;\">Tourisme<\/h1>\n<p>&nbsp;<\/p>\n<div class=\"region region-content\">\n<div class=\"panel-flexible panels-flexible-11 clearfix\">\n<div class=\"panel-flexible-inside panels-flexible-11-inside\">\n<div class=\"panels-flexible-region panels-flexible-region-11-center panels-flexible-region-first panels-flexible-region-last\">\n<div class=\"inside panels-flexible-region-inside panels-flexible-region-11-center-inside panels-flexible-region-inside-first panels-flexible-region-inside-last\">\n<div class=\"panel-pane pane-node\">\n<div class=\"pane-content\">\n<div class=\"ds-1col node node-page node-promoted view-mode-full clearfix\">\n<div class=\"field field-name-body field-type-text-with-summary field-label-hidden\">\n<div class=\"field-items\">\n<div class=\"field-item even\">\n<div class=\"field field-name-body field-type-text-with-summary field-label-hidden\">\n<div class=\"field-items\">\n<div class=\"field-item even\">\n<h4 style=\"text-align: justify;\">En r\u00e9ception, vous pourrez obtenir des renseignements touristiques sur les randonn\u00e9es et itin\u00e9raires du coin, que nous compl\u00e8terons en vous remettant, \u00e0 votre arriv\u00e9e, une brochure exclusive de tous les Parcs Nationaux et Naturels et de tous les autres lieux d\u00b4int\u00e9r\u00eat de notre r\u00e9gion, avec des plans d\u00e9taill\u00e9es des randonn\u00e9es possibles.<\/h4>\n<h4 style=\"text-align: justify;\">Une grande partie du territoire de la r\u00e9gion du Sobrarbe est int\u00e9gr\u00e9e dans les trois espaces naturels qui garantissent la richesse \u00e9cologique de la r\u00e9gion: le Parc National d\u00b4Ordesa et du Mont Perdu, le Parc National Posets Maladeta et le Parc Naturel de la Sierra et des Canyons de Guara. La gastronomie traditionnelle et ses magnifiques recoins ont autant d\u00b4int\u00e9r\u00eat que la richesse monumentale de ses villages et la beaut\u00e9 de ses paysages. Un endroit privil\u00e9gi\u00e9 qui vous permettra de choisir entre les nombreuses activit\u00e9s que vous pourrez pratiquer: balades, randonn\u00e9es, sports d\u00b4aventure ou itin\u00e9raires culturels et touristiques.<\/h4>\n<h4 style=\"text-align: justify;\">Vous pourrez vous balader au coeur d\u00b4une nature proche et accessible, dans laquelle chaque saison laisse sa trace, ses couleurs, sa lumi\u00e8re et ses formes, et o\u00f9 le vent, l\u00b4eau et le soleil sont les v\u00e9ritables b\u00e2tisseurs du paysage. Vous pourrez aussi augmenter l\u00b4effort en pratiquant un sport d\u00b4aventures comme le canyoning, le rafting, le ski etc. Ou bien visiter le Parc National d\u00b4Ordesa ou l\u00b4un des deux Parcs Naturels les plus proches: le Posets Maladeta et celui de la Sierra et des Canyons de Guara.<\/h4>\n<h4 style=\"text-align: justify;\">Si vous d\u00e9cidez de faire de la randonn\u00e9e, les PRs et GRs vous permettront de d\u00e9couvrir la beaut\u00e9 d\u00b4un territoire qui constitue un v\u00e9ritable havre de paix en pleine nature et une destination id\u00e9ale pour pratiquer toute sorte d\u00b4activit\u00e9s de plein air. Une autre possibilit\u00e9 que vous offre la r\u00e9gion est celle de parcourir les villages les plus proches, comme Ainsa m\u00eame, o\u00f9 vous pourrez faire un tour dans les rues pav\u00e9es et admirer les magnifiques monuments qui vous transporteront au Moyen-\u00c2ge; Bolta\u00f1a, o\u00f9 vous pourrez vous perdre dans les rues et recoins du plus grand vieux village des Pyr\u00e9n\u00e9es aragonaises; Bielsa, village tout proche du pays voisin, la France; la vall\u00e9e de la Fueva, form\u00e9e par de petits villages et hameaux \u00e0 d\u00e9couvrir; ou la vall\u00e9e de Chistau, dont les villages gardent la saveur des co\u00fbtumes et traditions qui se sont gard\u00e9s jusqu\u00b4\u00e0 nos jours.<\/h4>\n<h4 style=\"text-align: justify;\">Les amateurs de bonne cuisine ont aussi leur place parmi nous, ils pourront savourer une gastronomie du terroir pleine de personnalit\u00e9, marqu\u00e9e tout simplement par la qualit\u00e9 des produits qui combinent tradition et modernit\u00e9 dans une cuisine qui d\u00e9finit notre r\u00e9gion.<\/h4>\n<\/div>\n<\/div>\n<\/div>\n<div class=\"et-fb-loader\" style=\"position: relative; margin-bottom: 40px;\"><\/div>\n<\/div>\n<\/div>\n<\/div>\n<\/div>\n<\/div>\n<\/div>\n<\/div>\n<\/div>\n<\/div>\n<\/div>\n<\/div>\n<p>&nbsp;<\/p>\n<p>[\/et_pb_text][\/et_pb_column][\/et_pb_row][\/et_pb_section]<\/p>\n","protected":false},"excerpt":{"rendered":"<p>Tourisme &nbsp; En r\u00e9ception, vous pourrez obtenir des renseignements touristiques sur les randonn\u00e9es et itin\u00e9raires du coin, que nous compl\u00e8terons en vous remettant, \u00e0 votre arriv\u00e9e, une brochure exclusive de tous les Parcs Nationaux et Naturels et de tous les autres lieux d\u00b4int\u00e9r\u00eat de notre r\u00e9gion, avec des plans d\u00e9taill\u00e9es des randonn\u00e9es possibles. Une grande [&hellip;]<\/p>\n","protected":false},"author":1,"featured_media":0,"parent":0,"menu_order":0,"comment_status":"closed","ping_status":"closed","template":"","meta":{"_et_pb_use_builder":"on","_et_pb_old_content":"<h1>De turismo: Ainsa, El Sobrarbe, El Pirineo<\/h1><div class=\"region region-content\"><div class=\"panel-flexible panels-flexible-11 clearfix\"><div class=\"panel-flexible-inside panels-flexible-11-inside\"><div class=\"panels-flexible-region panels-flexible-region-11-center panels-flexible-region-first panels-flexible-region-last\"><div class=\"inside panels-flexible-region-inside panels-flexible-region-11-center-inside panels-flexible-region-inside-first panels-flexible-region-inside-last\"><div class=\"panel-pane pane-node\"><div class=\"pane-content\"><div class=\"ds-1col node node-page node-promoted view-mode-full clearfix\"><div class=\"field field-name-field-imagen-principal-pagina field-type-image field-label-hidden\"><div class=\"field-items\"><div class=\"field-item even\"><a href=\"https:\/\/mesonainsa.com\/sites\/default\/files\/folleto_hotel_en_pdf_0.pdf\">Descargue en PDF nuestro mapa \/ folleto con excursiones recomendadas en el Parque de Ordesa y la Comarca del Sobrarbe<\/a><\/div><\/div><\/div><div class=\"field field-name-body field-type-text-with-summary field-label-hidden\"><div class=\"field-items\"><div class=\"field-item even\"><p>(Le entregaremos el original con fotos en Alta Definici\u00f3n a su llegada al hotel).<\/p><p>Ainsa esta situado en el valle m\u00e1s virgen del Pirineo, la Villa Medieval es monumento nacional y oficialmente uno de los pueblos bonitos de Espa\u00f1a. Recomendamos realizar la excursi\u00f3n del Valle de Ordesa y llegar hasta la cascada de la Cola de Caballo, visitar el Valle de Pineta con sus espectaculares cascadas y el desfiladero de A\u00f1isclo. Adem\u00e1s existen otros muchos grandes y peque\u00f1os lugares que descubrir, el placer de \"perderse\" por la Sierra de Guara, visitar Plan, bonito pueblo Pirenaico popularizado por la \"caravana de mujeres\" o descubrir el Monasterio de San Victori\u00e1n en las faldas de la Pe\u00f1a Monta\u00f1esa.<\/p><p>Algunas excursiones a pie pueden realizarse andando desde la puerta del hotel: el corredor verde del r\u00edo Ara, los miradores de Partara y el cerro de Cot\u00f3n con sus espectaculares vistas del embalse de Mediano entre otras.<\/p><p style=\"text-align: center;\">[pt_view id=\"deee943xqr\"]<\/p><\/div><\/div><\/div><\/div><\/div><\/div><\/div><\/div><\/div><\/div><\/div><p>\u00a0<\/p>","_et_gb_content_width":"","footnotes":""},"class_list":["post-294","page","type-page","status-publish","hentry"],"_links":{"self":[{"href":"https:\/\/mesonainsa.com\/fr\/wp-json\/wp\/v2\/pages\/294","targetHints":{"allow":["GET"]}}],"collection":[{"href":"https:\/\/mesonainsa.com\/fr\/wp-json\/wp\/v2\/pages"}],"about":[{"href":"https:\/\/mesonainsa.com\/fr\/wp-json\/wp\/v2\/types\/page"}],"author":[{"embeddable":true,"href":"https:\/\/mesonainsa.com\/fr\/wp-json\/wp\/v2\/users\/1"}],"replies":[{"embeddable":true,"href":"https:\/\/mesonainsa.com\/fr\/wp-json\/wp\/v2\/comments?post=294"}],"version-history":[{"count":7,"href":"https:\/\/mesonainsa.com\/fr\/wp-json\/wp\/v2\/pages\/294\/revisions"}],"predecessor-version":[{"id":1885,"href":"https:\/\/mesonainsa.com\/fr\/wp-json\/wp\/v2\/pages\/294\/revisions\/1885"}],"wp:attachment":[{"href":"https:\/\/mesonainsa.com\/fr\/wp-json\/wp\/v2\/media?parent=294"}],"curies":[{"name":"wp","href":"https:\/\/api.w.org\/{rel}","templated":true}]}}