{"id":335,"date":"2017-12-14T17:23:50","date_gmt":"2017-12-14T17:23:50","guid":{"rendered":"https:\/\/mesonainsa.com\/web\/precios\/"},"modified":"2019-02-28T13:14:19","modified_gmt":"2019-02-28T13:14:19","slug":"tarifs","status":"publish","type":"page","link":"https:\/\/mesonainsa.com\/fr\/tarifs\/","title":{"rendered":"Tarifs"},"content":{"rendered":"<p>[et_pb_section fb_built=\u00a0\u00bb1&Prime; fullwidth=\u00a0\u00bbon\u00a0\u00bb _builder_version=\u00a0\u00bb3.0.47&Prime;][et_pb_fullwidth_slider _builder_version=\u00a0\u00bb3.16&Prime; box_shadow_style=\u00a0\u00bbpreset6&Prime; box_shadow_blur=\u00a0\u00bb10px\u00a0\u00bb box_shadow_color=\u00a0\u00bbrgba(0,0,0,0.1)\u00a0\u00bb show_inner_shadow=\u00a0\u00bbon\u00a0\u00bb button_text_size__hover_enabled=\u00a0\u00bboff\u00a0\u00bb button_one_text_size__hover_enabled=\u00a0\u00bboff\u00a0\u00bb button_two_text_size__hover_enabled=\u00a0\u00bboff\u00a0\u00bb button_text_color__hover_enabled=\u00a0\u00bboff\u00a0\u00bb button_one_text_color__hover_enabled=\u00a0\u00bboff\u00a0\u00bb button_two_text_color__hover_enabled=\u00a0\u00bboff\u00a0\u00bb button_border_width__hover_enabled=\u00a0\u00bboff\u00a0\u00bb button_one_border_width__hover_enabled=\u00a0\u00bboff\u00a0\u00bb button_two_border_width__hover_enabled=\u00a0\u00bboff\u00a0\u00bb button_border_color__hover_enabled=\u00a0\u00bboff\u00a0\u00bb button_one_border_color__hover_enabled=\u00a0\u00bboff\u00a0\u00bb button_two_border_color__hover_enabled=\u00a0\u00bboff\u00a0\u00bb button_border_radius__hover_enabled=\u00a0\u00bboff\u00a0\u00bb button_one_border_radius__hover_enabled=\u00a0\u00bboff\u00a0\u00bb button_two_border_radius__hover_enabled=\u00a0\u00bboff\u00a0\u00bb button_letter_spacing__hover_enabled=\u00a0\u00bboff\u00a0\u00bb button_one_letter_spacing__hover_enabled=\u00a0\u00bboff\u00a0\u00bb button_two_letter_spacing__hover_enabled=\u00a0\u00bboff\u00a0\u00bb button_bg_color__hover_enabled=\u00a0\u00bboff\u00a0\u00bb button_one_bg_color__hover_enabled=\u00a0\u00bboff\u00a0\u00bb button_two_bg_color__hover_enabled=\u00a0\u00bboff\u00a0\u00bb][et_pb_slide use_bg_overlay=\u00a0\u00bboff\u00a0\u00bb use_text_overlay=\u00a0\u00bboff\u00a0\u00bb _builder_version=\u00a0\u00bb3.16&Prime; background_color=\u00a0\u00bb#ffffff\u00a0\u00bb background_image=\u00a0\u00bbhttps:\/\/mesonainsa.com\/wp-content\/uploads\/2018\/01\/0.jpg\u00a0\u00bb button_on_hover=\u00a0\u00bbon\u00a0\u00bb button_text_size__hover_enabled=\u00a0\u00bboff\u00a0\u00bb button_one_text_size__hover_enabled=\u00a0\u00bboff\u00a0\u00bb button_two_text_size__hover_enabled=\u00a0\u00bboff\u00a0\u00bb button_text_color__hover_enabled=\u00a0\u00bboff\u00a0\u00bb button_one_text_color__hover_enabled=\u00a0\u00bboff\u00a0\u00bb button_two_text_color__hover_enabled=\u00a0\u00bboff\u00a0\u00bb button_border_width__hover_enabled=\u00a0\u00bboff\u00a0\u00bb button_one_border_width__hover_enabled=\u00a0\u00bboff\u00a0\u00bb button_two_border_width__hover_enabled=\u00a0\u00bboff\u00a0\u00bb button_border_color__hover_enabled=\u00a0\u00bboff\u00a0\u00bb button_one_border_color__hover_enabled=\u00a0\u00bboff\u00a0\u00bb button_two_border_color__hover_enabled=\u00a0\u00bboff\u00a0\u00bb button_border_radius__hover_enabled=\u00a0\u00bboff\u00a0\u00bb button_one_border_radius__hover_enabled=\u00a0\u00bboff\u00a0\u00bb button_two_border_radius__hover_enabled=\u00a0\u00bboff\u00a0\u00bb button_letter_spacing__hover_enabled=\u00a0\u00bboff\u00a0\u00bb button_one_letter_spacing__hover_enabled=\u00a0\u00bboff\u00a0\u00bb button_two_letter_spacing__hover_enabled=\u00a0\u00bboff\u00a0\u00bb button_bg_color__hover_enabled=\u00a0\u00bboff\u00a0\u00bb button_one_bg_color__hover_enabled=\u00a0\u00bboff\u00a0\u00bb button_two_bg_color__hover_enabled=\u00a0\u00bboff\u00a0\u00bb][\/et_pb_slide][\/et_pb_fullwidth_slider][\/et_pb_section][et_pb_section fb_built=\u00a0\u00bb1&Prime; _builder_version=\u00a0\u00bb3.0.47&Prime;][et_pb_row _builder_version=\u00a0\u00bb3.0.47&Prime; background_size=\u00a0\u00bbinitial\u00a0\u00bb background_position=\u00a0\u00bbtop_left\u00a0\u00bb background_repeat=\u00a0\u00bbrepeat\u00a0\u00bb][et_pb_column type=\u00a0\u00bb4_4&Prime; _builder_version=\u00a0\u00bb3.0.47&Prime;][et_pb_text _builder_version=\u00a0\u00bb3.19.18&Prime;]<\/p>\n<article class=\"art-post art-article\">\n<div class=\"art-postcontent\">\n<div class=\"region region-content\">\n<div class=\"ds-1col node node-page view-mode-full clearfix\">\n<div class=\"field field-name-title field-type-ds field-label-hidden\">\n<div class=\"field-items\">\n<div class=\"field-item even\">\n<h1><span style=\"text-decoration: underline;\">Tarifs H\u00f4tel Mes\u00f3n de L&rsquo; Ainsa<\/span><\/h1>\n<p><span style=\"text-decoration: underline;\"><\/span><\/p>\n<\/div>\n<\/div>\n<\/div>\n<div class=\"field field-name-body field-type-text-with-summary field-label-hidden\">\n<div class=\"field-items\">\n<div class=\"field-item even\">\n<h4><strong><u>Tarifs Hotel Mes\u00f3n de L\u00b4Ainsa<\/u><\/strong>\u00a0(Prix par chambre taxes et parking compris.)<\/h4>\n<h4><strong><u>Basse Saison<\/u><\/strong><\/h4>\n<h4>Chambre Double avec terrasse: 55 \u20ac<\/h4>\n<h4>Chambre Double \u00e9conomique 52 \u20ac *<\/h4>\n<h4>Chambre simple: 43 \u20ac<\/h4>\n<h4>Chambre Triple avec terrasse: 68 \u20ac<\/h4>\n<h4>Chambre Quadruple avec terrasse 78 \u20ac<\/h4>\n<h4>Cambre Familiale avec terrasse 115 \u20ac (2 chambres qui communiquent)<\/h4>\n<h4>(* plus petite et avec fen\u00eatre a la place de terrasse.)<\/h4>\n<h4><strong><span style=\"text-decoration: underline;\">Moyenne Saison<\/span><\/strong><\/h4>\n<h4>Chambre Double avec terrasse: 68 \u20ac<\/h4>\n<h4>Chambre Double \u00e9conomique 65 \u20ac<\/h4>\n<h4>Chambre simple: 58 \u20ac<\/h4>\n<h4>Chambre Triple avec terrasse: 80 \u20ac<\/h4>\n<h4>Chambre Quadruple avec terrasse 90 \u20ac<\/h4>\n<h4>Cambre Familiale avec terrasse 130 \u20ac (2 chambres qui communiquent)<\/h4>\n<h4><strong><u>Haute saison<\/u><\/strong><\/h4>\n<h4>Chambre Double: 78 \u20ac<\/h4>\n<h4>Chambre Double \u00e9conomique 75 \u20ac<\/h4>\n<h4>Chambre simple: 70 \u20ac<\/h4>\n<h4>Chambre Triple: 90 \u20ac<\/h4>\n<h4>Chambre Quadruple 100 \u20ac<\/h4>\n<h4>Cambre Familiale 150 \u20ac (2 chambres qui communiquent)<\/h4>\n<h4><\/h4>\n<h4><strong><u>Prix du restaurant<\/u><\/strong><\/h4>\n<h4>Petit d\u00e9jeuner buffet: 8 \u20ac<\/h4>\n<h4>Repas ou d\u00eener 14 \u20ac<\/h4>\n<h4>Demi-pension: 21 \u20ac<\/h4>\n<h4>Pension compl\u00e8te: 33 \u20ac<\/h4>\n<h4>Menu pour enfants 9 \u20ac<\/h4>\n<\/div>\n<\/div>\n<\/div>\n<\/div>\n<\/div>\n<\/div>\n<\/article>\n<p>[\/et_pb_text][\/et_pb_column][\/et_pb_row][\/et_pb_section]<\/p>\n","protected":false},"excerpt":{"rendered":"<p>Tarifs H\u00f4tel Mes\u00f3n de L&rsquo; Ainsa Tarifs Hotel Mes\u00f3n de L\u00b4Ainsa\u00a0(Prix par chambre taxes et parking compris.) Basse Saison Chambre Double avec terrasse: 55 \u20ac Chambre Double \u00e9conomique 52 \u20ac * Chambre simple: 43 \u20ac Chambre Triple avec terrasse: 68 \u20ac Chambre Quadruple avec terrasse 78 \u20ac Cambre Familiale avec terrasse 115 \u20ac (2 chambres [&hellip;]<\/p>\n","protected":false},"author":1,"featured_media":0,"parent":0,"menu_order":0,"comment_status":"closed","ping_status":"closed","template":"","meta":{"_et_pb_use_builder":"on","_et_pb_old_content":"<article class=\"art-post art-article\"><div class=\"art-postcontent\"><div class=\"region region-content\"><div class=\"ds-1col node node-page view-mode-full clearfix\"><div class=\"field field-name-title field-type-ds field-label-hidden\"><div class=\"field-items\"><div class=\"field-item even\"><h2>Tarifas \u00a1mejor precio garantizado!<\/h2><\/div><\/div><\/div><div class=\"field field-name-body field-type-text-with-summary field-label-hidden\"><div class=\"field-items\"><div class=\"field-item even\"><p>Precios por habitaci\u00f3n y d\u00eda con IVA y parking incluidos<\/p><p><strong><u>Temporada Baja<\/u><\/strong>\u00a0(Todo el a\u00f1o excepto fechas de Temporada Alta)<\/p><p>Habitaci\u00f3n Doble con terraza: 52 \u20ac<\/p><p>Habitaci\u00f3n Doble econ\u00f3mica 47 \u20ac*<\/p><p>Habitaci\u00f3n Individual con terraza: 40 \u20ac<\/p><p>Habitaci\u00f3n Triple con terraza: 65 \u20ac<\/p><p>Habitaci\u00f3n Cuadruple con terraza 75 \u20ac<\/p><p>Habitaci\u00f3n Familiar 95 \u20ac (2 habitaciones comunicadas para 4 o 5 personas)<\/p><p>* La habitaci\u00f3n doble econ\u00f3mica dispone de ventana en lugar de terraza y es un poco m\u00e1s peque\u00f1a.<\/p><p><u><strong>Temporada Alta<\/strong><\/u>\u00a0(Semana Santa, Puente del 1 de mayo,\u00a0 del 3 al 27 de Agosto, 10 y 11 de Septiembre y alguna fecha adicional)<\/p><p>Habitaci\u00f3n Doble con terraza: 65\/70 \u20ac<\/p><p>Habitaci\u00f3n Doble econ\u00f3mica 60\/65 \u20ac<\/p><p>Habitaci\u00f3n Individual con terraza: 50\/60 \u20ac<\/p><p>Habitaci\u00f3n Triple con terraza: 80\/85 \u20ac<\/p><p>Habitaci\u00f3n Cuadruple con terraza 100\/110 \u20ac<\/p><p>Habitaci\u00f3n familiar con terraza 130\/140 \u20ac<\/p><p><u><strong>Precios del Restaurante<\/strong><\/u> (Todos los regimenes alimenticios son opcionales y no es necesario contratarlos anticipadamente.)<\/p><p>Desayuno buffet libre: 7,50 \u20ac<\/p><p>Comida o cena 13 \u20ac<\/p><p>Media Pensi\u00f3n: 20 \u20ac<\/p><p>Pensi\u00f3n Completa: 32 \u20ac<\/p><p>Menu infantil 9 \u20ac<\/p><p>* En el 2016 la temporada de apertura de nuestro establecimiento es desde el 16 de Marzo hasta el 1 de Noviembre*<\/p><\/div><\/div><\/div><\/div><\/div><\/div><\/article>","_et_gb_content_width":"","footnotes":""},"class_list":["post-335","page","type-page","status-publish","hentry"],"_links":{"self":[{"href":"https:\/\/mesonainsa.com\/fr\/wp-json\/wp\/v2\/pages\/335","targetHints":{"allow":["GET"]}}],"collection":[{"href":"https:\/\/mesonainsa.com\/fr\/wp-json\/wp\/v2\/pages"}],"about":[{"href":"https:\/\/mesonainsa.com\/fr\/wp-json\/wp\/v2\/types\/page"}],"author":[{"embeddable":true,"href":"https:\/\/mesonainsa.com\/fr\/wp-json\/wp\/v2\/users\/1"}],"replies":[{"embeddable":true,"href":"https:\/\/mesonainsa.com\/fr\/wp-json\/wp\/v2\/comments?post=335"}],"version-history":[{"count":8,"href":"https:\/\/mesonainsa.com\/fr\/wp-json\/wp\/v2\/pages\/335\/revisions"}],"predecessor-version":[{"id":2083,"href":"https:\/\/mesonainsa.com\/fr\/wp-json\/wp\/v2\/pages\/335\/revisions\/2083"}],"wp:attachment":[{"href":"https:\/\/mesonainsa.com\/fr\/wp-json\/wp\/v2\/media?parent=335"}],"curies":[{"name":"wp","href":"https:\/\/api.w.org\/{rel}","templated":true}]}}