{"id":346,"date":"2017-12-14T17:24:11","date_gmt":"2017-12-14T17:24:11","guid":{"rendered":"https:\/\/mesonainsa.com\/web\/ofertas\/"},"modified":"2018-02-05T16:26:24","modified_gmt":"2018-02-05T16:26:24","slug":"offres","status":"publish","type":"page","link":"https:\/\/mesonainsa.com\/fr\/offres\/","title":{"rendered":"Offres"},"content":{"rendered":"<p>[et_pb_section fb_built=\u00a0\u00bb1&Prime; fullwidth=\u00a0\u00bbon\u00a0\u00bb _builder_version=\u00a0\u00bb3.0.47&Prime;][et_pb_fullwidth_slider _builder_version=\u00a0\u00bb3.0.100&Prime; box_shadow_style=\u00a0\u00bbpreset6&Prime; box_shadow_blur=\u00a0\u00bb10px\u00a0\u00bb box_shadow_color=\u00a0\u00bbrgba(0,0,0,0.1)\u00a0\u00bb show_inner_shadow=\u00a0\u00bbon\u00a0\u00bb][et_pb_slide heading=\u00a0\u00bbOffres de l\u00b4H\u00f4tel Mes\u00f3n de L\u00b4 Ainsa\u00a0\u00bb use_bg_overlay=\u00a0\u00bboff\u00a0\u00bb use_text_overlay=\u00a0\u00bboff\u00a0\u00bb _builder_version=\u00a0\u00bb3.0.100&Prime; background_image=\u00a0\u00bbhttps:\/\/mesonainsa.com\/wp-content\/uploads\/2018\/01\/p5020020.jpg\u00a0\u00bb custom_button=\u00a0\u00bboff\u00a0\u00bb button_on_hover=\u00a0\u00bbon\u00a0\u00bb button_link=\u00a0\u00bbhttps:\/\/mesonainsa.com\/fr\/reservations\/\u00a0\u00bb background_color=\u00a0\u00bb#ffffff\u00a0\u00bb button_text=\u00a0\u00bbReserver\u00a0\u00bb][\/et_pb_slide][\/et_pb_fullwidth_slider][\/et_pb_section][et_pb_section fb_built=\u00a0\u00bb1&Prime; _builder_version=\u00a0\u00bb3.0.47&Prime;][et_pb_row _builder_version=\u00a0\u00bb3.0.47&Prime; background_size=\u00a0\u00bbinitial\u00a0\u00bb background_position=\u00a0\u00bbtop_left\u00a0\u00bb background_repeat=\u00a0\u00bbrepeat\u00a0\u00bb][et_pb_column type=\u00a0\u00bb4_4&Prime; _builder_version=\u00a0\u00bb3.0.47&Prime; parallax=\u00a0\u00bboff\u00a0\u00bb parallax_method=\u00a0\u00bbon\u00a0\u00bb][et_pb_text _builder_version=\u00a0\u00bb3.0.100&Prime;]<\/p>\n<h1 style=\"text-align: center;\"><strong><span style=\"text-decoration: underline;\">Meilleur prix garanti sur notre site web<\/span><\/strong><\/h1>\n<h4 style=\"text-align: center;\"><strong>Obtenez le tarif le plus \u00e9conomique en r\u00e9servant \u00e0 travers\u00a0<em>notre<\/em>\u00a0site\u00a0<em>web<\/em>\u00a0<span style=\"color: #ff0000;\"><a href=\"http:\/\/www.mesonainsa.com\" style=\"color: #ff0000;\">www.mesonainsa.com<\/a><\/span> et si vous trouvez un\u00a0<em>meilleur prix<\/em>\u00a0ailleurs, nous l&rsquo;\u00e9galerons.<\/strong><\/h4>\n<p>[\/et_pb_text][\/et_pb_column][\/et_pb_row][\/et_pb_section]<\/p>\n","protected":false},"excerpt":{"rendered":"<p>Meilleur prix garanti sur notre site web Obtenez le tarif le plus \u00e9conomique en r\u00e9servant \u00e0 travers\u00a0notre\u00a0site\u00a0web\u00a0www.mesonainsa.com et si vous trouvez un\u00a0meilleur prix\u00a0ailleurs, nous l&rsquo;\u00e9galerons.<\/p>\n","protected":false},"author":1,"featured_media":0,"parent":0,"menu_order":0,"comment_status":"closed","ping_status":"closed","template":"","meta":{"_et_pb_use_builder":"on","_et_pb_old_content":"<h1>Ofertas y Novedades Hotel Mes\u00f3n de L'Ainsa<\/h1><p><img class=\"alignnone wp-image-81\" src=\"https:\/\/mesonainsa.com\/web\/wp-content\/uploads\/2017\/12\/slider_casco_antiguo_ainsa1-300x123.jpg\" alt=\"\" width=\"519\" height=\"213\" \/><\/p><div class=\"field field-name-title field-type-ds field-label-hidden\"><div class=\"field-items\"><div class=\"field-item even\"><h2><a href=\"https:\/\/mesonainsa.com\/es\/ofertas-hotel-ainsa\/consiga-siempre-mejor-precio-web\">Consiga siempre el mejor precio en nuestra web<\/a><\/h2><\/div><\/div><\/div><div><p>En nuestra pagina web oficial encontrar\u00e1 siempre las mejores tarifas con un descuento m\u00ednimo del 4 %, y siempre al menos con las mismas condiciones (o mejores) de cancelaci\u00f3n y forma de pago.<\/p><p>Reserve siempre en <strong><u>www.mesonainsa.com<\/u><\/strong> y obtenga el mejor precio.<\/p><\/div><p>[pt_view id=\"269ab3c8af\"]<\/p>","_et_gb_content_width":"","footnotes":""},"class_list":["post-346","page","type-page","status-publish","hentry"],"_links":{"self":[{"href":"https:\/\/mesonainsa.com\/fr\/wp-json\/wp\/v2\/pages\/346","targetHints":{"allow":["GET"]}}],"collection":[{"href":"https:\/\/mesonainsa.com\/fr\/wp-json\/wp\/v2\/pages"}],"about":[{"href":"https:\/\/mesonainsa.com\/fr\/wp-json\/wp\/v2\/types\/page"}],"author":[{"embeddable":true,"href":"https:\/\/mesonainsa.com\/fr\/wp-json\/wp\/v2\/users\/1"}],"replies":[{"embeddable":true,"href":"https:\/\/mesonainsa.com\/fr\/wp-json\/wp\/v2\/comments?post=346"}],"version-history":[{"count":6,"href":"https:\/\/mesonainsa.com\/fr\/wp-json\/wp\/v2\/pages\/346\/revisions"}],"predecessor-version":[{"id":1892,"href":"https:\/\/mesonainsa.com\/fr\/wp-json\/wp\/v2\/pages\/346\/revisions\/1892"}],"wp:attachment":[{"href":"https:\/\/mesonainsa.com\/fr\/wp-json\/wp\/v2\/media?parent=346"}],"curies":[{"name":"wp","href":"https:\/\/api.w.org\/{rel}","templated":true}]}}